{"id":45096,"date":"2024-10-17T15:55:51","date_gmt":"2024-10-17T18:55:51","guid":{"rendered":"https:\/\/petrusraulino.com.br\/?page_id=45096"},"modified":"2024-11-11T17:03:18","modified_gmt":"2024-11-11T20:03:18","slug":"dr-petrus-psiquiatra-especialista-en-trastorno-bipolar-en-campinas","status":"publish","type":"page","link":"https:\/\/petrusraulino.com.br\/es\/experiencia\/dr-petrus-psiquiatra-especialista-en-trastorno-bipolar-en-campinas\/","title":{"rendered":"Dr Petrus: psiquiatra especializado en trastorno bipolar en Campinas"},"content":{"rendered":"<div data-elementor-type=\"wp-page\" data-elementor-id=\"45096\" class=\"elementor elementor-45096\" data-elementor-post-type=\"page\">\n\t\t\t\t<div class=\"elementor-element elementor-element-b354579 e-flex e-con-boxed e-con e-parent\" data-id=\"b354579\" data-element_type=\"container\">\n\t\t\t\t\t<div class=\"e-con-inner\">\n\t\t\t\t<div class=\"elementor-element elementor-element-450aecc elementor-align-center elementor-widget elementor-widget-breadcrumbs\" data-id=\"450aecc\" data-element_type=\"widget\" data-widget_type=\"breadcrumbs.default\">\n\t\t\t\t<div class=\"elementor-widget-container\">\n\t\t\t\t\t<p id=\"breadcrumbs\"><span><span><a href=\"https:\/\/petrusraulino.com.br\/es\">Inicio<\/a><\/span><\/span><\/p>\t\t\t\t<\/div>\n\t\t\t\t<\/div>\n\t\t\t\t\t<\/div>\n\t\t\t\t<\/div>\n\t\t<div class=\"elementor-element elementor-element-1e3dcbf e-flex e-con-boxed e-con e-parent\" data-id=\"1e3dcbf\" data-element_type=\"container\">\n\t\t\t\t\t<div class=\"e-con-inner\">\n\t\t<div class=\"elementor-element elementor-element-19b8f20 e-con-full e-flex e-con e-child\" data-id=\"19b8f20\" data-element_type=\"container\">\n\t\t\t\t<div class=\"elementor-element elementor-element-56bcddc elementor-widget elementor-widget-text-editor\" data-id=\"56bcddc\" data-element_type=\"widget\" data-widget_type=\"text-editor.default\">\n\t\t\t\t<div class=\"elementor-widget-container\">\n\t\t\t\t\t\t\t\t\tEl trastorno bipolar es una patolog\u00eda compleja y multifac\u00e9tica que requiere una mirada atenta y experimentada para su correcto manejo. En Campinas, el Dr. Petrus Raulino destaca por su experiencia y dedicaci\u00f3n al tratamiento de este trastorno, ofreciendo a sus pacientes un enfoque especializado y humanizado.\t\t\t\t\t\t\t\t<\/div>\n\t\t\t\t<\/div>\n\t\t\t\t<\/div>\n\t\t\t\t\t<\/div>\n\t\t\t\t<\/div>\n\t\t<div class=\"elementor-element elementor-element-55a8ec5 e-flex e-con-boxed e-con e-parent\" data-id=\"55a8ec5\" data-element_type=\"container\">\n\t\t\t\t\t<div class=\"e-con-inner\">\n\t\t<div class=\"elementor-element elementor-element-26190c4 e-con-full e-flex e-con e-child\" data-id=\"26190c4\" data-element_type=\"container\">\n\t\t\t\t<div class=\"elementor-element elementor-element-f2ec8d0 elementor-widget elementor-widget-heading\" data-id=\"f2ec8d0\" data-element_type=\"widget\" data-widget_type=\"heading.default\">\n\t\t\t\t<div class=\"elementor-widget-container\">\n\t\t\t\t\t<h2 class=\"elementor-heading-title elementor-size-default\">Qu\u00e9 es el trastorno bipolar<\/h2>\t\t\t\t<\/div>\n\t\t\t\t<\/div>\n\t\t\t\t<\/div>\n\t\t<div class=\"elementor-element elementor-element-316f61c e-con-full e-flex e-con e-child\" data-id=\"316f61c\" data-element_type=\"container\">\n\t\t\t\t<div class=\"elementor-element elementor-element-dc8bfe3 elementor-widget elementor-widget-text-editor\" data-id=\"dc8bfe3\" data-element_type=\"widget\" data-widget_type=\"text-editor.default\">\n\t\t\t\t<div class=\"elementor-widget-container\">\n\t\t\t\t\t\t\t\t\t<p><b>El trastorno bipolar es una enfermedad psiqui\u00e1trica caracterizada por la alternancia de episodios de depresi\u00f3n y man\u00eda o hipoman\u00eda. <\/b>Estos periodos se caracterizan por cambios significativos en el estado de \u00e1nimo, la energ\u00eda y el comportamiento, que afectan profundamente a la vida del individuo.<\/p><p>Estas fluctuaciones incluyen episodios de depresi\u00f3n, caracterizados por sentimientos persistentes de tristeza, desesperanza y p\u00e9rdida de inter\u00e9s por actividades anteriormente placenteras, as\u00ed como episodios de man\u00eda o hipoman\u00eda, manifestados por fases de euforia, irritabilidad o aumento de la energ\u00eda y la actividad.<\/p><p>A diferencia de los altibajos habituales que todo el mundo experimenta, los cambios de humor del trastorno bipolar son tan intensos que <b>interfieren en la capacidad laboral, el rendimiento escolar, las relaciones interpersonales y pueden conducir a comportamientos de riesgo.<\/b><b><br \/><\/b><\/p>\t\t\t\t\t\t\t\t<\/div>\n\t\t\t\t<\/div>\n\t\t\t\t<\/div>\n\t\t\t\t\t<\/div>\n\t\t\t\t<\/div>\n\t\t<div class=\"elementor-element elementor-element-6bcfc23 e-flex e-con-boxed e-con e-parent\" data-id=\"6bcfc23\" data-element_type=\"container\">\n\t\t\t\t\t<div class=\"e-con-inner\">\n\t\t\t\t<div class=\"elementor-element elementor-element-e1c2b79 elementor-widget elementor-widget-text-editor\" data-id=\"e1c2b79\" data-element_type=\"widget\" data-widget_type=\"text-editor.default\">\n\t\t\t\t<div class=\"elementor-widget-container\">\n\t\t\t\t\t\t\t\t\t<p>Los episodios pueden durar semanas o incluso meses y suelen estar separados por periodos de estado de \u00e1nimo relativamente normal.<\/p><p>Es esencial tener en cuenta que el trastorno bipolar es una enfermedad heterog\u00e9nea, lo que significa que cada persona afectada puede experimentar el trastorno de una forma \u00fanica. Algunos individuos pueden tener episodios man\u00edacos m\u00e1s frecuentes, mientras que otros pueden sufrir principalmente depresi\u00f3n, y hay quienes experimentan ciclos r\u00e1pidos entre ambos estados.<\/p><p>Aunque el inicio de los s\u00edntomas suele producirse entre los 25 y los 35 a\u00f1os, el trastorno bipolar puede manifestarse tanto en adolescentes como en adultos mayores, siendo menos frecuente su aparici\u00f3n despu\u00e9s de los 60 a\u00f1os. El reconocimiento precoz de los signos y s\u00edntomas es crucial para iniciar el tratamiento y mejorar el pron\u00f3stico.<\/p>\t\t\t\t\t\t\t\t<\/div>\n\t\t\t\t<\/div>\n\t\t\t\t\t<\/div>\n\t\t\t\t<\/div>\n\t\t<div class=\"elementor-element elementor-element-c63bf2a e-flex e-con-boxed e-con e-parent\" data-id=\"c63bf2a\" data-element_type=\"container\">\n\t\t\t\t\t<div class=\"e-con-inner\">\n\t\t\t\t<div class=\"elementor-element elementor-element-7d4aa6c elementor-widget elementor-widget-heading\" data-id=\"7d4aa6c\" data-element_type=\"widget\" data-widget_type=\"heading.default\">\n\t\t\t\t<div class=\"elementor-widget-container\">\n\t\t\t\t\t<h2 class=\"elementor-heading-title elementor-size-default\">C\u00f3mo se diagnostica el trastorno bipolar<\/h2>\t\t\t\t<\/div>\n\t\t\t\t<\/div>\n\t\t\t\t<div class=\"elementor-element elementor-element-76c696a elementor-widget elementor-widget-text-editor\" data-id=\"76c696a\" data-element_type=\"widget\" data-widget_type=\"text-editor.default\">\n\t\t\t\t<div class=\"elementor-widget-container\">\n\t\t\t\t\t\t\t\t\t<p>El diagn\u00f3stico del trastorno bipolar es esencialmente cl\u00ednico y debe realizarlo un psiquiatra experimentado.<\/p><p>O <a href=\"https:\/\/petrusraulino.com.br\/es\/acerca-de\/\">Dr. Petrus Raulino<\/a>Gracias a su amplia experiencia en hospitalizaciones psiqui\u00e1tricas y atenci\u00f3n en urgencias, utiliza una anamnesis y un examen mental detallados para identificar los episodios caracter\u00edsticos del trastorno y diferenciarlo de otras afecciones, como la esquizofrenia.<\/p><p>La identificaci\u00f3n del trastorno se basa en la historia cl\u00ednica (anamnesis) y la exploraci\u00f3n mental del paciente. No existen pruebas de laboratorio o de imagen para confirmar el diagn\u00f3stico; sin embargo, estas pruebas pueden ser \u00fatiles para descartar otras causas org\u00e1nicas que pueden imitar los s\u00edntomas del trastorno bipolar.<\/p><p>Para una clasificaci\u00f3n precisa, el Dr. Petrus sigue las directrices de los manuales de diagn\u00f3stico m\u00e9dico mundialmente conocidos, como el DSM-5 (Manual Diagn\u00f3stico y Estad\u00edstico de los Trastornos Mentales, 5\u00aa edici\u00f3n), el CIE-10 (Clasificaci\u00f3n Internacional de Enfermedades, 10\u00aa revisi\u00f3n) y el m\u00e1s reciente CIE-11. Estos manuales describen los criterios espec\u00edficos de los subtipos de trastorno bipolar:<\/p><ul><li><strong>Trastorno Bipolar Tipo 1:<\/strong> caracterizado por al menos un episodio man\u00edaco completo. Es posible que el paciente tambi\u00e9n haya tenido episodios de depresi\u00f3n mayor, pero \u00e9stos no son obligatorios para el diagn\u00f3stico.<\/li><li><strong>Trastorno bipolar de tipo 2:<\/strong> se define por la aparici\u00f3n de al menos un episodio hipoman\u00edaco y ning\u00fan episodio man\u00edaco completo. Al igual que en el tipo 1, es posible que el paciente tambi\u00e9n haya tenido episodios de depresi\u00f3n mayor, pero no son obligatorios para el diagn\u00f3stico.<\/li><\/ul><p>\u00a0<\/p><p>Es esencial comprender que el trastorno bipolar es una enfermedad diversa, y que los patrones de los episodios afectivos var\u00edan significativamente de un paciente a otro. El diagn\u00f3stico es la clave para un tratamiento eficaz, adaptado a las necesidades individuales del paciente y a su patr\u00f3n espec\u00edfico de s\u00edntomas.<\/p>\t\t\t\t\t\t\t\t<\/div>\n\t\t\t\t<\/div>\n\t\t\t\t\t<\/div>\n\t\t\t\t<\/div>\n\t\t<div class=\"elementor-element elementor-element-98bcd54 e-flex e-con-boxed e-con e-parent\" data-id=\"98bcd54\" data-element_type=\"container\">\n\t\t\t\t\t<div class=\"e-con-inner\">\n\t\t<div class=\"elementor-element elementor-element-97048fa e-con-full e-flex e-con e-child\" data-id=\"97048fa\" data-element_type=\"container\">\n\t\t\t\t<div class=\"elementor-element elementor-element-47b2303 elementor-widget elementor-widget-heading\" data-id=\"47b2303\" data-element_type=\"widget\" data-widget_type=\"heading.default\">\n\t\t\t\t<div class=\"elementor-widget-container\">\n\t\t\t\t\t<h2 class=\"elementor-heading-title elementor-size-default\">Tratamiento por un psiquiatra especializado en trastorno bipolar<\/h2>\t\t\t\t<\/div>\n\t\t\t\t<\/div>\n\t\t\t\t<\/div>\n\t\t<div class=\"elementor-element elementor-element-9d4215e e-con-full e-flex e-con e-child\" data-id=\"9d4215e\" data-element_type=\"container\">\n\t\t\t\t<div class=\"elementor-element elementor-element-1da1b91 elementor-widget elementor-widget-text-editor\" data-id=\"1da1b91\" data-element_type=\"widget\" data-widget_type=\"text-editor.default\">\n\t\t\t\t<div class=\"elementor-widget-container\">\n\t\t\t\t\t\t\t\t\t<p>El Dr. Petrus Raulino, con su amplia experiencia en psiquiatr\u00eda, urgencias e ingresos psiqui\u00e1tricos, ofrece un enfoque especializado del tratamiento del trastorno bipolar.<\/p><p>Su conocimiento y pr\u00e1ctica en entornos de alta complejidad, incluyendo haber sido responsable del servicio de interconsulta psiqui\u00e1trica de Vera Cruz en Campinas durante m\u00e1s de 10 a\u00f1os, le confieren una capacidad \u00fanica para diagnosticar y tratar a pacientes con esta afecci\u00f3n.<\/p><p>Muchos pacientes, cuando est\u00e1n en remisi\u00f3n del trastorno bipolar, es decir, no presentan s\u00edntomas depresivos, man\u00edacos o hipoman\u00edacos, no muestran alteraciones en su exploraci\u00f3n mental, manteniendo su capacidad funcional y su habilidad para trabajar. Por lo tanto, el trastorno bipolar impacta e incapacita a los pacientes cuando est\u00e1n activos.<\/p>\t\t\t\t\t\t\t\t<\/div>\n\t\t\t\t<\/div>\n\t\t\t\t<\/div>\n\t\t\t\t\t<\/div>\n\t\t\t\t<\/div>\n\t\t<div class=\"elementor-element elementor-element-026caf9 e-flex e-con-boxed e-con e-parent\" data-id=\"026caf9\" data-element_type=\"container\">\n\t\t\t\t\t<div class=\"e-con-inner\">\n\t\t\t\t<div class=\"elementor-element elementor-element-744d2e0 elementor-widget elementor-widget-heading\" data-id=\"744d2e0\" data-element_type=\"widget\" data-widget_type=\"heading.default\">\n\t\t\t\t<div class=\"elementor-widget-container\">\n\t\t\t\t\t<h3 class=\"elementor-heading-title elementor-size-default\">Medicaci\u00f3n para el trastorno bipolar<\/h3>\t\t\t\t<\/div>\n\t\t\t\t<\/div>\n\t\t\t\t<div class=\"elementor-element elementor-element-2df65d6 elementor-widget elementor-widget-text-editor\" data-id=\"2df65d6\" data-element_type=\"widget\" data-widget_type=\"text-editor.default\">\n\t\t\t\t<div class=\"elementor-widget-container\">\n\t\t\t\t\t\t\t\t\t<p>Los f\u00e1rmacos m\u00e1s indicados para el tratamiento del trastorno bipolar son los estabilizadores del estado de \u00e1nimo, como el litio, el divalproato y la carbamazepina, y los antipsic\u00f3ticos, para el control de los s\u00edntomas y la prevenci\u00f3n de reca\u00eddas.<\/p><p>La elecci\u00f3n del tratamiento se hace siempre con el objetivo de proporcionar el mejor control de la enfermedad, respetando la individualidad de cada paciente.<\/p><p>Otra clase de psicof\u00e1rmacos utilizados para el tratamiento son los antipsic\u00f3ticos at\u00edpicos, como el aripiprazol, la lurasidona, la clozapina o la quetiapina, que pueden utilizarse en combinaci\u00f3n con estabilizadores del estado de \u00e1nimo.<\/p>\t\t\t\t\t\t\t\t<\/div>\n\t\t\t\t<\/div>\n\t\t\t\t\t<\/div>\n\t\t\t\t<\/div>\n\t\t<div class=\"elementor-element elementor-element-791ff5d e-flex e-con-boxed e-con e-parent\" data-id=\"791ff5d\" data-element_type=\"container\">\n\t\t\t\t\t<div class=\"e-con-inner\">\n\t\t<div class=\"elementor-element elementor-element-1187e4c e-con-full e-flex e-con e-child\" data-id=\"1187e4c\" data-element_type=\"container\">\n\t\t\t\t<div class=\"elementor-element elementor-element-12863df elementor-widget elementor-widget-heading\" data-id=\"12863df\" data-element_type=\"widget\" data-widget_type=\"heading.default\">\n\t\t\t\t<div class=\"elementor-widget-container\">\n\t\t\t\t\t<h2 class=\"elementor-heading-title elementor-size-default\">\u00bfPueden las sustancias psicoactivas inducir un trastorno bipolar?<\/h2>\t\t\t\t<\/div>\n\t\t\t\t<\/div>\n\t\t\t\t<\/div>\n\t\t<div class=\"elementor-element elementor-element-8d3ca0f e-con-full e-flex e-con e-child\" data-id=\"8d3ca0f\" data-element_type=\"container\">\n\t\t\t\t<div class=\"elementor-element elementor-element-2a26d3b elementor-widget elementor-widget-text-editor\" data-id=\"2a26d3b\" data-element_type=\"widget\" data-widget_type=\"text-editor.default\">\n\t\t\t\t<div class=\"elementor-widget-container\">\n\t\t\t\t\t\t\t\t\t<p>S\u00ed, el consumo de sustancias psicoactivas, especialmente en individuos con predisposici\u00f3n gen\u00e9tica, puede desencadenar el trastorno bipolar.<\/p><p>Debe ser consciente de los riesgos asociados al consumo de drogas como los alucin\u00f3genos sint\u00e9ticos, la coca\u00edna y el cannabis, que pueden inducir s\u00edntomas del trastorno. Es importante destacar que hay pacientes que probablemente nunca tendr\u00edan trastorno bipolar si no hubieran consumido estas sustancias.<\/p>\t\t\t\t\t\t\t\t<\/div>\n\t\t\t\t<\/div>\n\t\t\t\t<\/div>\n\t\t\t\t\t<\/div>\n\t\t\t\t<\/div>\n\t\t\t\t<\/div>","protected":false},"excerpt":{"rendered":"<p>El trastorno bipolar es una patolog\u00eda compleja y multifac\u00e9tica que requiere una mirada atenta y experimentada para su correcto manejo. En Campinas, el Dr. Petrus Raulino se destaca por su experiencia y dedicaci\u00f3n en el tratamiento de este trastorno, ofreciendo a sus pacientes un abordaje especializado y humanizado. Qu\u00e9 es el trastorno bipolar El trastorno bipolar es [...]<\/p>","protected":false},"author":4,"featured_media":44772,"parent":38,"menu_order":0,"comment_status":"closed","ping_status":"closed","template":"","meta":{"_joinchat":[],"footnotes":""},"class_list":["post-45096","page","type-page","status-publish","has-post-thumbnail","hentry"],"yoast_head":"<!-- This site is optimized with the Yoast SEO Premium plugin v24.7 (Yoast SEO v26.4) - https:\/\/yoast.com\/wordpress\/plugins\/seo\/ -->\n<title>Dr. Petrus: psiquiatra especializado em transtorno bipolar em Campinas | Dr. Petrus Raulino<\/title>\n<meta name=\"description\" content=\"Dr. Petrus: psiquiatra especializado em transtorno bipolar em Campinas Conte com algu\u00e9m que \u00e9 refer\u00eancia em psiquiatria em Campinas. Dr. Petrus Raulino\" \/>\n<meta name=\"robots\" content=\"index, follow, max-snippet:-1, max-image-preview:large, max-video-preview:-1\" \/>\n<link rel=\"canonical\" href=\"https:\/\/petrusraulino.com.br\/es\/experiencia\/dr-petrus-psiquiatra-especialista-en-trastorno-bipolar-en-campinas\/\" \/>\n<meta property=\"og:locale\" content=\"es_ES\" \/>\n<meta property=\"og:type\" content=\"article\" \/>\n<meta property=\"og:title\" content=\"Dr. Petrus: psiquiatra especializado em transtorno bipolar em Campinas\" \/>\n<meta property=\"og:description\" content=\"Dr. Petrus: psiquiatra especializado em transtorno bipolar em Campinas Conte com algu\u00e9m que \u00e9 refer\u00eancia em psiquiatria em Campinas. Dr. Petrus Raulino\" \/>\n<meta property=\"og:url\" content=\"https:\/\/petrusraulino.com.br\/es\/experiencia\/dr-petrus-psiquiatra-especialista-en-trastorno-bipolar-en-campinas\/\" \/>\n<meta property=\"og:site_name\" content=\"Dr. Petrus Raulino\" \/>\n<meta property=\"article:publisher\" content=\"https:\/\/www.facebook.com\/drpetrusraulinopsiquiatriaclinica\" \/>\n<meta property=\"article:modified_time\" content=\"2024-11-11T20:03:18+00:00\" \/>\n<meta property=\"og:image\" content=\"https:\/\/petrusraulino.com.br\/wp-content\/uploads\/2024\/09\/Psicofarmacologia.jpg\" \/>\n\t<meta property=\"og:image:width\" content=\"1200\" \/>\n\t<meta property=\"og:image:height\" content=\"800\" \/>\n\t<meta property=\"og:image:type\" content=\"image\/jpeg\" \/>\n<meta name=\"twitter:card\" content=\"summary_large_image\" \/>\n<meta name=\"twitter:label1\" content=\"Tiempo de lectura\" \/>\n\t<meta name=\"twitter:data1\" content=\"5 minutos\" \/>\n<!-- \/ Yoast SEO Premium plugin. -->","yoast_head_json":{"title":"Dr Petrus: psiquiatra especializado en trastorno bipolar en Campinas | Dr Petrus Raulino","description":"Dr Petrus: psiquiatra especialista en trastorno bipolar en Campinas Cuente con alguien que es referencia en psiquiatr\u00eda en Campinas. Dr Petrus Raulino","robots":{"index":"index","follow":"follow","max-snippet":"max-snippet:-1","max-image-preview":"max-image-preview:large","max-video-preview":"max-video-preview:-1"},"canonical":"https:\/\/petrusraulino.com.br\/es\/experiencia\/dr-petrus-psiquiatra-especialista-en-trastorno-bipolar-en-campinas\/","og_locale":"es_ES","og_type":"article","og_title":"Dr. Petrus: psiquiatra especializado em transtorno bipolar em Campinas","og_description":"Dr. Petrus: psiquiatra especializado em transtorno bipolar em Campinas Conte com algu\u00e9m que \u00e9 refer\u00eancia em psiquiatria em Campinas. Dr. Petrus Raulino","og_url":"https:\/\/petrusraulino.com.br\/es\/experiencia\/dr-petrus-psiquiatra-especialista-en-trastorno-bipolar-en-campinas\/","og_site_name":"Dr. Petrus Raulino","article_publisher":"https:\/\/www.facebook.com\/drpetrusraulinopsiquiatriaclinica","article_modified_time":"2024-11-11T20:03:18+00:00","og_image":[{"width":1200,"height":800,"url":"https:\/\/petrusraulino.com.br\/wp-content\/uploads\/2024\/09\/Psicofarmacologia.jpg","type":"image\/jpeg"}],"twitter_card":"summary_large_image","twitter_misc":{"Tiempo de lectura":"5 minutos"},"schema":{"@context":"https:\/\/schema.org","@graph":[]}},"_links":{"self":[{"href":"https:\/\/petrusraulino.com.br\/es\/wp-json\/wp\/v2\/pages\/45096","targetHints":{"allow":["GET"]}}],"collection":[{"href":"https:\/\/petrusraulino.com.br\/es\/wp-json\/wp\/v2\/pages"}],"about":[{"href":"https:\/\/petrusraulino.com.br\/es\/wp-json\/wp\/v2\/types\/page"}],"author":[{"embeddable":true,"href":"https:\/\/petrusraulino.com.br\/es\/wp-json\/wp\/v2\/users\/4"}],"replies":[{"embeddable":true,"href":"https:\/\/petrusraulino.com.br\/es\/wp-json\/wp\/v2\/comments?post=45096"}],"version-history":[{"count":23,"href":"https:\/\/petrusraulino.com.br\/es\/wp-json\/wp\/v2\/pages\/45096\/revisions"}],"predecessor-version":[{"id":45175,"href":"https:\/\/petrusraulino.com.br\/es\/wp-json\/wp\/v2\/pages\/45096\/revisions\/45175"}],"up":[{"embeddable":true,"href":"https:\/\/petrusraulino.com.br\/es\/wp-json\/wp\/v2\/pages\/38"}],"wp:featuredmedia":[{"embeddable":true,"href":"https:\/\/petrusraulino.com.br\/es\/wp-json\/wp\/v2\/media\/44772"}],"wp:attachment":[{"href":"https:\/\/petrusraulino.com.br\/es\/wp-json\/wp\/v2\/media?parent=45096"}],"curies":[{"name":"wp","href":"https:\/\/api.w.org\/{rel}","templated":true}]}}