{"id":43960,"date":"2024-04-05T09:22:13","date_gmt":"2024-04-05T12:22:13","guid":{"rendered":"https:\/\/petrusraulino.com.br\/?page_id=43960"},"modified":"2024-11-11T17:03:18","modified_gmt":"2024-11-11T20:03:18","slug":"depresion-en-la-tercera-edad-y-estudio-cbn","status":"publish","type":"page","link":"https:\/\/petrusraulino.com.br\/es\/depresion-en-la-tercera-edad-y-estudio-cbn\/","title":{"rendered":"Depresi\u00f3n en la vejez - CBN Studio"},"content":{"rendered":"<figure class=\"wp-block-embed is-type-video is-provider-youtube wp-block-embed-youtube wp-embed-aspect-16-9 wp-has-aspect-ratio\"><div class=\"wp-block-embed__wrapper\">\n<iframe title=\"Depresi\u00f3n en la vejez I CBN Studio\" width=\"800\" height=\"450\" src=\"https:\/\/www.youtube.com\/embed\/VRQHZN7lHGM?feature=oembed\" frameborder=\"0\" allow=\"accelerometer; autoplay; clipboard-write; encrypted-media; gyroscope; picture-in-picture; web-share\" referrerpolicy=\"strict-origin-when-cross-origin\" allowfullscreen><\/iframe>\n<\/div><\/figure>","protected":false},"excerpt":{"rendered":"","protected":false},"author":4,"featured_media":0,"parent":0,"menu_order":0,"comment_status":"closed","ping_status":"closed","template":"","meta":{"_joinchat":[],"footnotes":""},"class_list":["post-43960","page","type-page","status-publish","hentry"],"yoast_head":"<!-- This site is optimized with the Yoast SEO Premium plugin v24.7 (Yoast SEO v26.4) - https:\/\/yoast.com\/wordpress\/plugins\/seo\/ -->\n<title>Depress\u00e3o na terceira idade - Est\u00fadio CBN | Dr. Petrus Raulino<\/title>\n<meta name=\"description\" content=\"Depress\u00e3o na terceira idade - Est\u00fadio CBN Conte com algu\u00e9m que \u00e9 refer\u00eancia em psiquiatria em Campinas. Dr. Petrus Raulino\" \/>\n<meta name=\"robots\" content=\"index, follow, max-snippet:-1, max-image-preview:large, max-video-preview:-1\" \/>\n<link rel=\"canonical\" href=\"https:\/\/petrusraulino.com.br\/es\/depresion-en-la-tercera-edad-y-estudio-cbn\/\" \/>\n<meta property=\"og:locale\" content=\"es_ES\" \/>\n<meta property=\"og:type\" content=\"article\" \/>\n<meta property=\"og:title\" content=\"Depress\u00e3o na terceira idade - Est\u00fadio CBN\" \/>\n<meta property=\"og:description\" content=\"Depress\u00e3o na terceira idade - Est\u00fadio CBN Conte com algu\u00e9m que \u00e9 refer\u00eancia em psiquiatria em Campinas. Dr. Petrus Raulino\" \/>\n<meta property=\"og:url\" content=\"https:\/\/petrusraulino.com.br\/es\/depresion-en-la-tercera-edad-y-estudio-cbn\/\" \/>\n<meta property=\"og:site_name\" content=\"Dr. Petrus Raulino\" \/>\n<meta property=\"article:publisher\" content=\"https:\/\/www.facebook.com\/drpetrusraulinopsiquiatriaclinica\" \/>\n<meta property=\"article:modified_time\" content=\"2024-11-11T20:03:18+00:00\" \/>\n<meta property=\"og:image\" content=\"https:\/\/petrusraulino.com.br\/wp-content\/uploads\/2020\/05\/logo-light.png\" \/>\n\t<meta property=\"og:image:width\" content=\"242\" \/>\n\t<meta property=\"og:image:height\" content=\"112\" \/>\n\t<meta property=\"og:image:type\" content=\"image\/png\" \/>\n<meta name=\"twitter:card\" content=\"summary_large_image\" \/>\n<meta name=\"twitter:label1\" content=\"Tiempo de lectura\" \/>\n\t<meta name=\"twitter:data1\" content=\"1 minuto\" \/>\n<!-- \/ Yoast SEO Premium plugin. -->","yoast_head_json":{"title":"Depresi\u00f3n en la vejez - CBN Studio | Dr Petrus Raulino","description":"La depresi\u00f3n en la vejez - CBN Studio Hable con alguien que es una referencia en psiquiatr\u00eda en Campinas. Dr Petrus Raulino","robots":{"index":"index","follow":"follow","max-snippet":"max-snippet:-1","max-image-preview":"max-image-preview:large","max-video-preview":"max-video-preview:-1"},"canonical":"https:\/\/petrusraulino.com.br\/es\/depresion-en-la-tercera-edad-y-estudio-cbn\/","og_locale":"es_ES","og_type":"article","og_title":"Depress\u00e3o na terceira idade - Est\u00fadio CBN","og_description":"Depress\u00e3o na terceira idade - Est\u00fadio CBN Conte com algu\u00e9m que \u00e9 refer\u00eancia em psiquiatria em Campinas. Dr. Petrus Raulino","og_url":"https:\/\/petrusraulino.com.br\/es\/depresion-en-la-tercera-edad-y-estudio-cbn\/","og_site_name":"Dr. Petrus Raulino","article_publisher":"https:\/\/www.facebook.com\/drpetrusraulinopsiquiatriaclinica","article_modified_time":"2024-11-11T20:03:18+00:00","og_image":[{"width":242,"height":112,"url":"https:\/\/petrusraulino.com.br\/wp-content\/uploads\/2020\/05\/logo-light.png","type":"image\/png"}],"twitter_card":"summary_large_image","twitter_misc":{"Tiempo de lectura":"1 minuto"},"schema":{"@context":"https:\/\/schema.org","@graph":[]}},"_links":{"self":[{"href":"https:\/\/petrusraulino.com.br\/es\/wp-json\/wp\/v2\/pages\/43960","targetHints":{"allow":["GET"]}}],"collection":[{"href":"https:\/\/petrusraulino.com.br\/es\/wp-json\/wp\/v2\/pages"}],"about":[{"href":"https:\/\/petrusraulino.com.br\/es\/wp-json\/wp\/v2\/types\/page"}],"author":[{"embeddable":true,"href":"https:\/\/petrusraulino.com.br\/es\/wp-json\/wp\/v2\/users\/4"}],"replies":[{"embeddable":true,"href":"https:\/\/petrusraulino.com.br\/es\/wp-json\/wp\/v2\/comments?post=43960"}],"version-history":[{"count":4,"href":"https:\/\/petrusraulino.com.br\/es\/wp-json\/wp\/v2\/pages\/43960\/revisions"}],"predecessor-version":[{"id":44659,"href":"https:\/\/petrusraulino.com.br\/es\/wp-json\/wp\/v2\/pages\/43960\/revisions\/44659"}],"wp:attachment":[{"href":"https:\/\/petrusraulino.com.br\/es\/wp-json\/wp\/v2\/media?parent=43960"}],"curies":[{"name":"wp","href":"https:\/\/api.w.org\/{rel}","templated":true}]}}