{"id":40956,"date":"2022-06-28T14:03:19","date_gmt":"2022-06-28T17:03:19","guid":{"rendered":"https:\/\/petrusraulino.com.br\/?page_id=40956"},"modified":"2024-11-11T17:03:19","modified_gmt":"2024-11-11T20:03:19","slug":"conferencia-en-el-37o-congreso-brasileno-de-psiquiatria-desafios-y-practicas-de-la-psiquiatria-geriatrica-interconsulta-en-el-hospital-general-3","status":"publish","type":"page","link":"https:\/\/petrusraulino.com.br\/es\/conferencia-en-el-37o-congreso-brasileno-de-psiquiatria-desafios-y-practicas-de-la-psiquiatria-geriatrica-interconsulta-en-el-hospital-general-3\/","title":{"rendered":"INTERCONSULTA DE PSIQUIATR\u00cdA GERI\u00c1TRICA EN EL HOSPITAL GENERAL"},"content":{"rendered":"<figure class=\"wp-block-embed is-type-video is-provider-youtube wp-block-embed-youtube wp-embed-aspect-4-3 wp-has-aspect-ratio\"><div class=\"wp-block-embed__wrapper\">\n<iframe title=\"37\u00ba Congreso Brasile\u00f1o de Psiquiatr\u00eda - Dr Petrus Raulino\" width=\"800\" height=\"600\" src=\"https:\/\/www.youtube.com\/embed\/4NTbb7lJUQI?feature=oembed\" frameborder=\"0\" allow=\"accelerometer; autoplay; clipboard-write; encrypted-media; gyroscope; picture-in-picture; web-share\" referrerpolicy=\"strict-origin-when-cross-origin\" allowfullscreen><\/iframe>\n<\/div><\/figure>","protected":false},"excerpt":{"rendered":"","protected":false},"author":4,"featured_media":0,"parent":0,"menu_order":0,"comment_status":"closed","ping_status":"closed","template":"","meta":{"_joinchat":[],"footnotes":""},"class_list":["post-40956","page","type-page","status-publish","hentry"],"yoast_head":"<!-- This site is optimized with the Yoast SEO Premium plugin v24.7 (Yoast SEO v26.4) - https:\/\/yoast.com\/wordpress\/plugins\/seo\/ -->\n<title>INTERCONSULTA DE PSIQUIATRIA GERI\u00c1TRICA NO HOSPITAL<\/title>\n<meta name=\"description\" content=\"INTERCONSULTA DE PSIQUIATRIA GERI\u00c1TRICA NO HOSPITAL GERAL Conte com algu\u00e9m que \u00e9 refer\u00eancia em psiquiatria em Campinas. Dr. Petrus Raulino\" \/>\n<meta name=\"robots\" content=\"index, follow, max-snippet:-1, max-image-preview:large, max-video-preview:-1\" \/>\n<link rel=\"canonical\" href=\"https:\/\/petrusraulino.com.br\/es\/conferencia-en-el-37o-congreso-brasileno-de-psiquiatria-desafios-y-practicas-de-la-psiquiatria-geriatrica-interconsulta-en-el-hospital-general-3\/\" \/>\n<meta property=\"og:locale\" content=\"es_ES\" \/>\n<meta property=\"og:type\" content=\"article\" \/>\n<meta property=\"og:title\" content=\"INTERCONSULTA DE PSIQUIATRIA GERI\u00c1TRICA NO HOSPITAL GERAL\" \/>\n<meta property=\"og:description\" content=\"INTERCONSULTA DE PSIQUIATRIA GERI\u00c1TRICA NO HOSPITAL GERAL Conte com algu\u00e9m que \u00e9 refer\u00eancia em psiquiatria em Campinas. Dr. Petrus Raulino\" \/>\n<meta property=\"og:url\" content=\"https:\/\/petrusraulino.com.br\/es\/conferencia-en-el-37o-congreso-brasileno-de-psiquiatria-desafios-y-practicas-de-la-psiquiatria-geriatrica-interconsulta-en-el-hospital-general-3\/\" \/>\n<meta property=\"og:site_name\" content=\"Dr. Petrus Raulino\" \/>\n<meta property=\"article:publisher\" content=\"https:\/\/www.facebook.com\/drpetrusraulinopsiquiatriaclinica\" \/>\n<meta property=\"article:modified_time\" content=\"2024-11-11T20:03:19+00:00\" \/>\n<meta property=\"og:image\" content=\"https:\/\/petrusraulino.com.br\/wp-content\/uploads\/2020\/05\/logo-light.png\" \/>\n\t<meta property=\"og:image:width\" content=\"242\" \/>\n\t<meta property=\"og:image:height\" content=\"112\" \/>\n\t<meta property=\"og:image:type\" content=\"image\/png\" \/>\n<meta name=\"twitter:card\" content=\"summary_large_image\" \/>\n<meta name=\"twitter:label1\" content=\"Tiempo de lectura\" \/>\n\t<meta name=\"twitter:data1\" content=\"1 minuto\" \/>\n<!-- \/ Yoast SEO Premium plugin. -->","yoast_head_json":{"title":"INTERCONSULTA DE PSIQUIATR\u00cdA GERI\u00c1TRICA EN EL HOSPITAL","description":"INTERCONSULTACI\u00d3N DE PSIQUIATR\u00cdA GERI\u00c1TRICA EN EL HOSPITAL GENERAL Cuente con alguien que es referencia en psiquiatr\u00eda en Campinas. Dr Petrus Raulino","robots":{"index":"index","follow":"follow","max-snippet":"max-snippet:-1","max-image-preview":"max-image-preview:large","max-video-preview":"max-video-preview:-1"},"canonical":"https:\/\/petrusraulino.com.br\/es\/conferencia-en-el-37o-congreso-brasileno-de-psiquiatria-desafios-y-practicas-de-la-psiquiatria-geriatrica-interconsulta-en-el-hospital-general-3\/","og_locale":"es_ES","og_type":"article","og_title":"INTERCONSULTA DE PSIQUIATRIA GERI\u00c1TRICA NO HOSPITAL GERAL","og_description":"INTERCONSULTA DE PSIQUIATRIA GERI\u00c1TRICA NO HOSPITAL GERAL Conte com algu\u00e9m que \u00e9 refer\u00eancia em psiquiatria em Campinas. Dr. Petrus Raulino","og_url":"https:\/\/petrusraulino.com.br\/es\/conferencia-en-el-37o-congreso-brasileno-de-psiquiatria-desafios-y-practicas-de-la-psiquiatria-geriatrica-interconsulta-en-el-hospital-general-3\/","og_site_name":"Dr. Petrus Raulino","article_publisher":"https:\/\/www.facebook.com\/drpetrusraulinopsiquiatriaclinica","article_modified_time":"2024-11-11T20:03:19+00:00","og_image":[{"width":242,"height":112,"url":"https:\/\/petrusraulino.com.br\/wp-content\/uploads\/2020\/05\/logo-light.png","type":"image\/png"}],"twitter_card":"summary_large_image","twitter_misc":{"Tiempo de lectura":"1 minuto"},"schema":{"@context":"https:\/\/schema.org","@graph":[]}},"_links":{"self":[{"href":"https:\/\/petrusraulino.com.br\/es\/wp-json\/wp\/v2\/pages\/40956","targetHints":{"allow":["GET"]}}],"collection":[{"href":"https:\/\/petrusraulino.com.br\/es\/wp-json\/wp\/v2\/pages"}],"about":[{"href":"https:\/\/petrusraulino.com.br\/es\/wp-json\/wp\/v2\/types\/page"}],"author":[{"embeddable":true,"href":"https:\/\/petrusraulino.com.br\/es\/wp-json\/wp\/v2\/users\/4"}],"replies":[{"embeddable":true,"href":"https:\/\/petrusraulino.com.br\/es\/wp-json\/wp\/v2\/comments?post=40956"}],"version-history":[{"count":1,"href":"https:\/\/petrusraulino.com.br\/es\/wp-json\/wp\/v2\/pages\/40956\/revisions"}],"predecessor-version":[{"id":44673,"href":"https:\/\/petrusraulino.com.br\/es\/wp-json\/wp\/v2\/pages\/40956\/revisions\/44673"}],"wp:attachment":[{"href":"https:\/\/petrusraulino.com.br\/es\/wp-json\/wp\/v2\/media?parent=40956"}],"curies":[{"name":"wp","href":"https:\/\/api.w.org\/{rel}","templated":true}]}}