{"id":40862,"date":"2022-06-28T11:26:01","date_gmt":"2022-06-28T14:26:01","guid":{"rendered":"https:\/\/petrusraulino.com.br\/?page_id=40862"},"modified":"2024-11-11T17:03:19","modified_gmt":"2024-11-11T20:03:19","slug":"psiquiatria-antidepresivos-y-su-mecanismo-de-accion-dr-petrus-raulino-2","status":"publish","type":"page","link":"https:\/\/petrusraulino.com.br\/es\/psiquiatria-antidepresivos-y-su-mecanismo-de-accion-dr-petrus-raulino-2\/","title":{"rendered":"PSIQUIATR\u00cdA, ANTIDEPRESIVOS Y SU MECANISMO DE ACCI\u00d3N"},"content":{"rendered":"<p><iframe title=\"Psiquiatr\u00eda, antidepresivos y su mecanismo de acci\u00f3n - Dr Petrus Raulino\" width=\"800\" height=\"450\" src=\"https:\/\/www.youtube.com\/embed\/_L0p2O3DQK8?feature=oembed\" frameborder=\"0\" allow=\"accelerometer; autoplay; clipboard-write; encrypted-media; gyroscope; picture-in-picture; web-share\" referrerpolicy=\"strict-origin-when-cross-origin\" allowfullscreen><\/iframe><\/p>","protected":false},"excerpt":{"rendered":"","protected":false},"author":4,"featured_media":0,"parent":0,"menu_order":0,"comment_status":"closed","ping_status":"closed","template":"","meta":{"_joinchat":[],"footnotes":""},"class_list":["post-40862","page","type-page","status-publish","hentry"],"yoast_head":"<!-- This site is optimized with the Yoast SEO Premium plugin v24.7 (Yoast SEO v26.4) - https:\/\/yoast.com\/wordpress\/plugins\/seo\/ -->\n<title>PSIQUIATRIA, ANTIDEPRESSIVOS E SEU MECANISMO DE A\u00c7\u00c3O | Dr. Petrus Raulino<\/title>\n<meta name=\"description\" content=\"PSIQUIATRIA, ANTIDEPRESSIVOS E SEU MECANISMO DE A\u00c7\u00c3O Conte com algu\u00e9m que \u00e9 refer\u00eancia em psiquiatria em Campinas. Dr. Petrus Raulino\" \/>\n<meta name=\"robots\" content=\"index, follow, max-snippet:-1, max-image-preview:large, max-video-preview:-1\" \/>\n<link rel=\"canonical\" href=\"https:\/\/petrusraulino.com.br\/es\/psiquiatria-antidepresivos-y-su-mecanismo-de-accion-dr-petrus-raulino-2\/\" \/>\n<meta property=\"og:locale\" content=\"es_ES\" \/>\n<meta property=\"og:type\" content=\"article\" \/>\n<meta property=\"og:title\" content=\"PSIQUIATRIA, ANTIDEPRESSIVOS E SEU MECANISMO DE A\u00c7\u00c3O\" \/>\n<meta property=\"og:description\" content=\"PSIQUIATRIA, ANTIDEPRESSIVOS E SEU MECANISMO DE A\u00c7\u00c3O Conte com algu\u00e9m que \u00e9 refer\u00eancia em psiquiatria em Campinas. Dr. Petrus Raulino\" \/>\n<meta property=\"og:url\" content=\"https:\/\/petrusraulino.com.br\/es\/psiquiatria-antidepresivos-y-su-mecanismo-de-accion-dr-petrus-raulino-2\/\" \/>\n<meta property=\"og:site_name\" content=\"Dr. Petrus Raulino\" \/>\n<meta property=\"article:publisher\" content=\"https:\/\/www.facebook.com\/drpetrusraulinopsiquiatriaclinica\" \/>\n<meta property=\"article:modified_time\" content=\"2024-11-11T20:03:19+00:00\" \/>\n<meta property=\"og:image\" content=\"https:\/\/petrusraulino.com.br\/wp-content\/uploads\/2020\/05\/logo-light.png\" \/>\n\t<meta property=\"og:image:width\" content=\"242\" \/>\n\t<meta property=\"og:image:height\" content=\"112\" \/>\n\t<meta property=\"og:image:type\" content=\"image\/png\" \/>\n<meta name=\"twitter:card\" content=\"summary_large_image\" \/>\n<meta name=\"twitter:label1\" content=\"Tiempo de lectura\" \/>\n\t<meta name=\"twitter:data1\" content=\"1 minuto\" \/>\n<!-- \/ Yoast SEO Premium plugin. -->","yoast_head_json":{"title":"PSIQUIATR\u00cdA, ANTIDEPRESIVOS Y SU MECANISMO DE ACCI\u00d3N | Dr Petrus Raulino","description":"PSIQUIATR\u00cdA, ANTIDEPRESIVOS Y SU MECANISMO DE ACCI\u00d3N Cuente con alguien que es referencia en psiquiatr\u00eda en Campinas. Dr Petrus Raulino","robots":{"index":"index","follow":"follow","max-snippet":"max-snippet:-1","max-image-preview":"max-image-preview:large","max-video-preview":"max-video-preview:-1"},"canonical":"https:\/\/petrusraulino.com.br\/es\/psiquiatria-antidepresivos-y-su-mecanismo-de-accion-dr-petrus-raulino-2\/","og_locale":"es_ES","og_type":"article","og_title":"PSIQUIATRIA, ANTIDEPRESSIVOS E SEU MECANISMO DE A\u00c7\u00c3O","og_description":"PSIQUIATRIA, ANTIDEPRESSIVOS E SEU MECANISMO DE A\u00c7\u00c3O Conte com algu\u00e9m que \u00e9 refer\u00eancia em psiquiatria em Campinas. Dr. Petrus Raulino","og_url":"https:\/\/petrusraulino.com.br\/es\/psiquiatria-antidepresivos-y-su-mecanismo-de-accion-dr-petrus-raulino-2\/","og_site_name":"Dr. Petrus Raulino","article_publisher":"https:\/\/www.facebook.com\/drpetrusraulinopsiquiatriaclinica","article_modified_time":"2024-11-11T20:03:19+00:00","og_image":[{"width":242,"height":112,"url":"https:\/\/petrusraulino.com.br\/wp-content\/uploads\/2020\/05\/logo-light.png","type":"image\/png"}],"twitter_card":"summary_large_image","twitter_misc":{"Tiempo de lectura":"1 minuto"},"schema":{"@context":"https:\/\/schema.org","@graph":[]}},"_links":{"self":[{"href":"https:\/\/petrusraulino.com.br\/es\/wp-json\/wp\/v2\/pages\/40862","targetHints":{"allow":["GET"]}}],"collection":[{"href":"https:\/\/petrusraulino.com.br\/es\/wp-json\/wp\/v2\/pages"}],"about":[{"href":"https:\/\/petrusraulino.com.br\/es\/wp-json\/wp\/v2\/types\/page"}],"author":[{"embeddable":true,"href":"https:\/\/petrusraulino.com.br\/es\/wp-json\/wp\/v2\/users\/4"}],"replies":[{"embeddable":true,"href":"https:\/\/petrusraulino.com.br\/es\/wp-json\/wp\/v2\/comments?post=40862"}],"version-history":[{"count":1,"href":"https:\/\/petrusraulino.com.br\/es\/wp-json\/wp\/v2\/pages\/40862\/revisions"}],"predecessor-version":[{"id":44675,"href":"https:\/\/petrusraulino.com.br\/es\/wp-json\/wp\/v2\/pages\/40862\/revisions\/44675"}],"wp:attachment":[{"href":"https:\/\/petrusraulino.com.br\/es\/wp-json\/wp\/v2\/media?parent=40862"}],"curies":[{"name":"wp","href":"https:\/\/api.w.org\/{rel}","templated":true}]}}