{"id":40,"date":"2020-03-17T15:48:57","date_gmt":"2020-03-17T18:48:57","guid":{"rendered":"https:\/\/petrusraulino.com.br\/?page_id=40"},"modified":"2024-11-11T17:08:46","modified_gmt":"2024-11-11T20:08:46","slug":"servicio-2","status":"publish","type":"page","link":"https:\/\/petrusraulino.com.br\/es\/servicio-2\/","title":{"rendered":"Atendimento"},"content":{"rendered":"<div data-elementor-type=\"wp-page\" data-elementor-id=\"40\" class=\"elementor elementor-40\" data-elementor-post-type=\"page\">\n\t\t\t\t<div class=\"elementor-element elementor-element-3855e94 e-flex e-con-boxed e-con e-parent\" data-id=\"3855e94\" data-element_type=\"container\">\n\t\t\t\t\t<div class=\"e-con-inner\">\n\t\t\t\t<div class=\"elementor-element elementor-element-dc6c1c7 elementor-widget elementor-widget-heading\" data-id=\"dc6c1c7\" data-element_type=\"widget\" data-widget_type=\"heading.default\">\n\t\t\t\t<div class=\"elementor-widget-container\">\n\t\t\t\t\t<h1 class=\"elementor-heading-title elementor-size-default\">Servicios<\/h1>\t\t\t\t<\/div>\n\t\t\t\t<\/div>\n\t\t\t\t\t<\/div>\n\t\t\t\t<\/div>\n\t\t<div class=\"elementor-element elementor-element-b69d33b e-flex e-con-boxed e-con e-parent\" data-id=\"b69d33b\" data-element_type=\"container\">\n\t\t\t\t\t<div class=\"e-con-inner\">\n\t\t\t\t<div class=\"elementor-element elementor-element-c39b260 elementor-tabs-view-horizontal elementor-widget elementor-widget-tabs\" data-id=\"c39b260\" data-element_type=\"widget\" data-widget_type=\"tabs.default\">\n\t\t\t\t<div class=\"elementor-widget-container\">\n\t\t\t\t\t\t\t<div class=\"elementor-tabs\">\n\t\t\t<div class=\"elementor-tabs-wrapper\" role=\"tablist\" >\n\t\t\t\t\t\t\t\t\t<div id=\"elementor-tab-title-2051\" class=\"elementor-tab-title elementor-tab-desktop-title\" aria-selected=\"true\" data-tab=\"1\" role=\"tab\" tabindex=\"0\" aria-controls=\"elementor-tab-content-2051\" aria-expanded=\"false\">  Citas m\u00e9dicas<\/div>\n\t\t\t\t\t\t\t\t\t<div id=\"elementor-tab-title-2052\" class=\"elementor-tab-title elementor-tab-desktop-title\" aria-selected=\"false\" data-tab=\"2\" role=\"tab\" tabindex=\"-1\" aria-controls=\"elementor-tab-content-2052\" aria-expanded=\"false\">Comunicaci\u00f3n electr\u00f3nica<\/div>\n\t\t\t\t\t\t\t\t\t<div id=\"elementor-tab-title-2053\" class=\"elementor-tab-title elementor-tab-desktop-title\" aria-selected=\"false\" data-tab=\"3\" role=\"tab\" tabindex=\"-1\" aria-controls=\"elementor-tab-content-2053\" aria-expanded=\"false\">Prescripciones<\/div>\n\t\t\t\t\t\t\t\t\t<div id=\"elementor-tab-title-2054\" class=\"elementor-tab-title elementor-tab-desktop-title\" aria-selected=\"false\" data-tab=\"4\" role=\"tab\" tabindex=\"-1\" aria-controls=\"elementor-tab-content-2054\" aria-expanded=\"false\">Telepsiquiatr\u00eda (consultas en l\u00ednea)<\/div>\n\t\t\t\t\t\t\t<\/div>\n\t\t\t<div class=\"elementor-tabs-content-wrapper\" role=\"tablist\" aria-orientation=\"vertical\">\n\t\t\t\t\t\t\t\t\t<div class=\"elementor-tab-title elementor-tab-mobile-title\" aria-selected=\"true\" data-tab=\"1\" role=\"tab\" tabindex=\"0\" aria-controls=\"elementor-tab-content-2051\" aria-expanded=\"false\">  Citas m\u00e9dicas<\/div>\n\t\t\t\t\t<div id=\"elementor-tab-content-2051\" class=\"elementor-tab-content elementor-clearfix\" data-tab=\"1\" role=\"tabpanel\" aria-labelledby=\"elementor-tab-title-2051\" tabindex=\"0\" hidden=\"false\"><p>Psiquiatra en Campinas con enfoque total en consultas m\u00e9dicas privadas.<br \/>Un psiquiatra dispuesto a compartir intensamente sus conocimientos, para que los clientes (pacientes y cuidadores) desarrollen la capacidad de comprender la l\u00f3gica y el significado del diagn\u00f3stico y el tratamiento.<\/p><p>Nuestra cl\u00ednica pretende a\u00f1adir un toque de refinamiento y elegancia al incansable ideal de ofrecer consultas m\u00e9dicas al m\u00e1s alto nivel de servicio en Psiquiatr\u00eda Cl\u00ednica y Psicofarmacolog\u00eda de base biol\u00f3gica para adultos y ancianos. Sabemos que es imposible lograrlo sin mucho compromiso y persistencia.<\/p><div><div><div><div><div><div><div><div><div><p><strong>En su carrera como psiquiatra, el Dr. Petrus Raulino siempre ha buscado la mejor experiencia.<\/strong><\/p><ul><li>S\u00f3lida experiencia en la pr\u00e1ctica privada. M\u00e1s de 1.500 pacientes privados atendidos en su consulta privada.<\/li><li>S\u00f3lida experiencia en atenci\u00f3n psiqui\u00e1trica con problemas m\u00e9dicos complejos. M\u00e1s de 800 consultas psiqui\u00e1tricas en hospitales generales (similares a las consultas privadas, pero en salas de urgencias, pabellones o UCI de hospitales generales).<\/li><li>M\u00e1s de 20 a\u00f1os de experiencia en psiquiatr\u00eda.<\/li><li>M\u00e1s de 25 a\u00f1os de experiencia en medicina.<\/li><\/ul><\/div><\/div><\/div><\/div><\/div><\/div><\/div><\/div><\/div><\/div>\n\t\t\t\t\t\t\t\t\t<div class=\"elementor-tab-title elementor-tab-mobile-title\" aria-selected=\"false\" data-tab=\"2\" role=\"tab\" tabindex=\"-1\" aria-controls=\"elementor-tab-content-2052\" aria-expanded=\"false\">Comunicaci\u00f3n electr\u00f3nica<\/div>\n\t\t\t\t\t<div id=\"elementor-tab-content-2052\" class=\"elementor-tab-content elementor-clearfix\" data-tab=\"2\" role=\"tabpanel\" aria-labelledby=\"elementor-tab-title-2052\" tabindex=\"0\" hidden=\"hidden\"><p>El uso del correo electr\u00f3nico y las redes sociales no tiene las caracter\u00edsticas de una consulta m\u00e9dica. La interacci\u00f3n por estos medios no tiene el tiempo dedicado ni la misma riqueza de detalles que una consulta m\u00e9dica.<\/p><p>Por lo tanto, no deben considerarse medios para practicar la medicina, aunque son herramientas \u00fatiles.<\/p><p>En las consultas m\u00e9dicas, el contacto con el paciente es directo, individual y en profundidad.<\/p><p>En cambio, el uso del correo electr\u00f3nico y las redes sociales son actividades que implican contactar con muchas personas al mismo tiempo. Especialmente para los profesionales de la referencia.<\/p><p>Por ello, para el uso del correo electr\u00f3nico y las redes sociales, el Dr. Petrus Raulino mantiene un equipo extremadamente fiable que le apoya en primera l\u00ednea de estas actividades. A menudo, es alguien de este equipo, y no el Dr. Petrus Raulino, quien responde a las interacciones a trav\u00e9s de estos medios.<\/p><p>Este equipo est\u00e1 supervisado directamente por \u00e9l, siguiendo siempre las directrices del Dr. y respetando las normas de confidencialidad y privacidad. No obstante, la comunicaci\u00f3n por correo electr\u00f3nico y redes sociales no sustituye en ning\u00fan caso a las consultas m\u00e9dicas.<\/p><p>De este modo, el Dr. Petrus Raulino, como psiquiatra, libera su tiempo para hacer lo que mejor sabe hacer: dedicarse a las consultas m\u00e9dicas y actualizar continuamente su pr\u00e1ctica.\u00a0<em>experiencia<\/em>.<\/p><\/div>\n\t\t\t\t\t\t\t\t\t<div class=\"elementor-tab-title elementor-tab-mobile-title\" aria-selected=\"false\" data-tab=\"3\" role=\"tab\" tabindex=\"-1\" aria-controls=\"elementor-tab-content-2053\" aria-expanded=\"false\">Prescripciones<\/div>\n\t\t\t\t\t<div id=\"elementor-tab-content-2053\" class=\"elementor-tab-content elementor-clearfix\" data-tab=\"3\" role=\"tabpanel\" aria-labelledby=\"elementor-tab-title-2053\" tabindex=\"0\" hidden=\"hidden\"><p><strong>Comportamiento de prescripci\u00f3n:<\/strong><\/p>\n<p>El Dr. Petrus Raulino, como psiquiatra, es un profesional del conocimiento. Imparte conocimientos a trav\u00e9s de la consulta m\u00e9dica. Su v\u00ednculo con los pacientes se basa en el conocimiento, no en las recetas. La mayor\u00eda de los pacientes se dan cuenta de ello.<\/p>\n<p>Por regla general, el Dr. Petrus Raulino no extiende recetas fuera de las citas m\u00e9dicas.<\/p>\n<p>Para emitir una receta, el m\u00e9dico debe actualizar el balance de beneficios frente a efectos secundarios de la medicaci\u00f3n, as\u00ed como el calendario del tratamiento, y ofrecer orientaci\u00f3n. La consulta m\u00e9dica es el \"espacio\" adecuado para cumplir estos objetivos.<\/p>\n<p>En otras palabras, la prescripci\u00f3n debe estar necesariamente \"respaldada\" por conocimientos validados en una consulta actualizada. La prescripci\u00f3n debe entenderse como una consecuencia de la consulta, no como un fin en s\u00ed mismo.<\/p>\n<p>Cada receta emitida se programa para una hora concreta hasta la cita de reevaluaci\u00f3n.<\/p>\n<p>El plazo para la reevaluaci\u00f3n en una consulta m\u00e9dica se fija al final de cada consulta. En ese momento, el cliente (paciente o cuidador) debe hablar si tiene una petici\u00f3n que difiere del plazo. De este modo, se puede aclarar cualquier duda sobre el plazo.<\/p>\n<p>Tampoco puede recetar a trav\u00e9s de \u00f3rdenes telef\u00f3nicas, ya que tales \u00f3rdenes son an\u00e1logas a la automedicaci\u00f3n (porque son unilaterales y no han sido validadas por una consulta m\u00e9dica para ajustar o mantener el uso de la medicaci\u00f3n).<\/p>\n<div>\n<p>Pedir la renovaci\u00f3n de una receta sin consulta previa es perjudicial para el paciente y el m\u00e9dico.<\/p>\n<p>Para el paciente, es un coqueteo con la automedicaci\u00f3n. Las personas que solicitan renovaciones autom\u00e1ticas de recetas a su psiquiatra sin consulta previa, a menudo por la comodidad de una petici\u00f3n telef\u00f3nica, parecen ignorar que los medicamentos pueden ser responsables de muertes o complicaciones graves, sobre todo si se toman err\u00f3neamente por automedicaci\u00f3n.<\/p>\n<ul>\n<li>El cliente (paciente o acompa\u00f1ante) no podr\u00e1 utilizar la imagen o el audio de esta consulta con el psiquiatra sin su autorizaci\u00f3n expresa;<br><br><\/li><li>Para que el m\u00e9dico pueda analizarlo correctamente, el cliente (paciente o cuidador) debe facilitar TODA la informaci\u00f3n posible, NO omitiendo ning\u00fan dato sobre sus signos y s\u00edntomas;\n<br><br><\/li>\n<li>La exactitud de la informaci\u00f3n facilitada por el cliente (paciente o cuidador) es necesaria debido a la ausencia de una evaluaci\u00f3n cl\u00ednica cara a cara por parte del psiquiatra;\n<br><br><\/li>\n<li>Es posible que se pida al paciente que haga fotos de partes de su cuerpo, en funci\u00f3n de la dolencia, y las im\u00e1genes se archivar\u00e1n en su historial m\u00e9dico (por ejemplo, en caso de reacci\u00f3n cut\u00e1nea adversa debida al uso de medicaci\u00f3n prescrita por el psiquiatra);<br>puede ser necesario realizar pruebas adicionales para un mejor diagn\u00f3stico;\n<br><br><\/li>\n<li>El paciente puede ser derivado, seg\u00fan la evaluaci\u00f3n del psiquiatra, a un servicio sanitario;<\/li>\n<\/ul>\n<\/div><\/div>\n\t\t\t\t\t\t\t\t\t<div class=\"elementor-tab-title elementor-tab-mobile-title\" aria-selected=\"false\" data-tab=\"4\" role=\"tab\" tabindex=\"-1\" aria-controls=\"elementor-tab-content-2054\" aria-expanded=\"false\">Telepsiquiatr\u00eda (consultas en l\u00ednea)<\/div>\n\t\t\t\t\t<div id=\"elementor-tab-content-2054\" class=\"elementor-tab-content elementor-clearfix\" data-tab=\"4\" role=\"tabpanel\" aria-labelledby=\"elementor-tab-title-2054\" tabindex=\"0\" hidden=\"hidden\"><p>Tras el estado de emergencia mundial debido a la pandemia de COVID-19, el Consejo Federal de Medicina y la Asociaci\u00f3n Brasile\u00f1a de Psiquiatr\u00eda reconocieron la pr\u00e1ctica de la Telemedicina.<\/p><p>La telemedicina es la pr\u00e1ctica de la medicina a trav\u00e9s de la atenci\u00f3n m\u00e9dica interactiva a distancia mediante tecnolog\u00edas basadas en gran medida en Internet.<\/p><p>La telemedicina para psiquiatr\u00eda, tambi\u00e9n conocida como telepsiquiatr\u00eda, es una pr\u00e1ctica viable que ha sido aprobada excepcionalmente como estrategia para atender a los pacientes y sus familias durante la pandemia.<\/p><p>La telemedicina (incluida la telepsiquiatr\u00eda) tiene lugar mediante videoconferencia, tel\u00e9fono o aplicaciones de telefon\u00eda m\u00f3vil. Debe garantizarse el mismo grado de privacidad y confidencialidad que en las consultas m\u00e9dicas presenciales. Pero los clientes (pacientes y cuidadores) deben ser conscientes de las limitaciones y riesgos relacionados con el universo inform\u00e1tico y de internet.<\/p><p>La atenci\u00f3n telepsiqui\u00e1trica no es obligatoria, sino opcional para el psiquiatra -si lo considera seguro para la persona que recibe este tipo de atenci\u00f3n- y para las personas que se sienten c\u00f3modas y ayudadas por este tipo de atenci\u00f3n.<\/p><p>En la teleasistencia (consultas a distancia o en l\u00ednea), los clientes (pacientes y cuidadores) deben ser conscientes de que:<\/p><ul><li>La teleasistencia tiene limitaciones, como la imposibilidad de realizar un examen f\u00edsico completo, aunque es posible llevar a cabo una inspecci\u00f3n;<\/li><li>la consulta online es puntual (estrictamente limitada) y no garantiza el derecho a ser atendido indefinidamente ni a estar a disposici\u00f3n del m\u00e9dico en otros horarios no acordados previamente por ning\u00fan medio;<\/li><li>la consulta en l\u00ednea es para una persona, que debe estar en un lugar tranquilo que permita la confidencialidad;<\/li><li>el cliente (paciente o acompa\u00f1ante) no podr\u00e1 utilizar la imagen o el audio de esta consulta sin autorizaci\u00f3n expresa del m\u00e9dico;<\/li><li>para que el m\u00e9dico pueda utilizarlos y analizarlos correctamente, el cliente (paciente o cuidador) debe proporcionar TODA la informaci\u00f3n posible, NO omitiendo ning\u00fan dato sobre sus signos y s\u00edntomas;<\/li><li>la exactitud de la informaci\u00f3n facilitada por el cliente (paciente o cuidador) es necesaria debido a la ausencia de una evaluaci\u00f3n cl\u00ednica cara a cara por parte del m\u00e9dico;<\/li><li>se puede pedir al paciente que se haga fotos de partes de su cuerpo, en funci\u00f3n de la dolencia, y las im\u00e1genes se archivar\u00e1n en su historial m\u00e9dico (por ejemplo, en el caso de una reacci\u00f3n cut\u00e1nea adversa debida al uso de medicaci\u00f3n prescrita por el psiquiatra);<\/li><li>puede ser necesario realizar pruebas adicionales para un mejor diagn\u00f3stico;<\/li><li>el paciente puede ser derivado, seg\u00fan el criterio del m\u00e9dico, a un servicio sanitario;<\/li><li>se produzca alguna imposibilidad t\u00e9cnica para que la cita tenga lugar, como la inestabilidad de la conexi\u00f3n a internet, acordando de antemano la reprogramaci\u00f3n inmediata, en d\u00eda y hora convenidos por ambas partes;<\/li><li>el uso del correo electr\u00f3nico o SMS como medio de comunicaci\u00f3n y env\u00edo de informaci\u00f3n puede ser necesario y el cliente (paciente o cuidador) debe ser consciente de las vulnerabilidades del sistema elegido en lo que respecta a la confidencialidad de la informaci\u00f3n, y debe asumir los riesgos resultantes;<\/li><li>puede ser necesaria la entrega de material f\u00edsico relativo a la solicitud de ex\u00e1menes, informes o certificados m\u00e9dicos a un transportista autorizado por el cliente (paciente o tutor legal), observando la necesidad de proteger toda la informaci\u00f3n de acuerdo con las directrices de la LGPD (Ley General de Protecci\u00f3n de Datos) y otras normas legales y \u00e9ticas;<\/li><li>si es necesario prescribir determinados medicamentos controlados, no ser\u00e1 posible enviarlos por v\u00eda electr\u00f3nica, debido a una resoluci\u00f3n espec\u00edfica de la ANVISA al respecto.<\/li><\/ul><\/div>\n\t\t\t\t\t\t\t<\/div>\n\t\t<\/div>\n\t\t\t\t\t\t<\/div>\n\t\t\t\t<\/div>\n\t\t\t\t\t<\/div>\n\t\t\t\t<\/div>\n\t\t\t\t<\/div>","protected":false},"excerpt":{"rendered":"<p>Atendimentos Consultas m\u00e9dicas Comunica\u00e7\u00e3o Eletr\u00f4nica Receitas (prescri\u00e7\u00f5es m\u00e9dicas) Telepsiquiatria (consultas online) Consultas m\u00e9dicas Psiquiatra de Campinas com foco total em consultas m\u00e9dicas particulares.Psiquiatra com prazer em compartilhar intensivamente conhecimento, para que os clientes (pacientes e acompanhantes) desenvolvam a capacidade de compreender a fundamenta\u00e7\u00e3o e o sentido do diagn\u00f3stico e tratamento. Nossa cl\u00ednica procura dar um [&hellip;]<\/p>","protected":false},"author":4,"featured_media":232,"parent":0,"menu_order":0,"comment_status":"closed","ping_status":"closed","template":"elementor_header_footer","meta":{"_joinchat":[],"footnotes":""},"class_list":["post-40","page","type-page","status-publish","has-post-thumbnail","hentry"],"yoast_head":"<!-- This site is optimized with the Yoast SEO Premium plugin v24.7 (Yoast SEO v26.4) - https:\/\/yoast.com\/wordpress\/plugins\/seo\/ -->\n<title>Atendimento | Dr. Petrus Raulino<\/title>\n<meta name=\"description\" content=\"Nossa cl\u00ednica procura dar um toque de requinte e eleg\u00e2ncia ao incans\u00e1vel ideal de entregar consultas m\u00e9dicas de alt\u00edssimo n\u00edvel em Psiquiatria Cl\u00ednica.\" \/>\n<meta name=\"robots\" content=\"noindex, nofollow\" \/>\n<meta property=\"og:locale\" content=\"es_ES\" \/>\n<meta property=\"og:type\" content=\"article\" \/>\n<meta property=\"og:title\" content=\"Atendimento\" \/>\n<meta property=\"og:description\" content=\"Nossa cl\u00ednica procura dar um toque de requinte e eleg\u00e2ncia ao incans\u00e1vel ideal de entregar consultas m\u00e9dicas de alt\u00edssimo n\u00edvel em Psiquiatria Cl\u00ednica.\" \/>\n<meta property=\"og:url\" content=\"https:\/\/petrusraulino.com.br\/es\/servicio-2\/\" \/>\n<meta property=\"og:site_name\" content=\"Dr. Petrus Raulino\" \/>\n<meta property=\"article:publisher\" content=\"https:\/\/www.facebook.com\/drpetrusraulinopsiquiatriaclinica\" \/>\n<meta property=\"article:modified_time\" content=\"2024-11-11T20:08:46+00:00\" \/>\n<meta property=\"og:image\" content=\"https:\/\/petrusraulino.com.br\/wp-content\/uploads\/2020\/04\/header-pages.jpg\" \/>\n\t<meta property=\"og:image:width\" content=\"1916\" \/>\n\t<meta property=\"og:image:height\" content=\"297\" \/>\n\t<meta property=\"og:image:type\" content=\"image\/jpeg\" \/>\n<meta name=\"twitter:card\" content=\"summary_large_image\" \/>\n<meta name=\"twitter:label1\" content=\"Tiempo de lectura\" \/>\n\t<meta name=\"twitter:data1\" content=\"8 minutos\" \/>\n<!-- \/ Yoast SEO Premium plugin. -->","yoast_head_json":{"title":"Servicio | Dr Petrus Raulino","description":"Nuestra cl\u00ednica se esfuerza por a\u00f1adir un toque de refinamiento y elegancia al incansable ideal de ofrecer consultas m\u00e9dicas de alto nivel en Psiquiatr\u00eda Cl\u00ednica.","robots":{"index":"noindex","follow":"nofollow"},"og_locale":"es_ES","og_type":"article","og_title":"Atendimento","og_description":"Nossa cl\u00ednica procura dar um toque de requinte e eleg\u00e2ncia ao incans\u00e1vel ideal de entregar consultas m\u00e9dicas de alt\u00edssimo n\u00edvel em Psiquiatria Cl\u00ednica.","og_url":"https:\/\/petrusraulino.com.br\/es\/servicio-2\/","og_site_name":"Dr. Petrus Raulino","article_publisher":"https:\/\/www.facebook.com\/drpetrusraulinopsiquiatriaclinica","article_modified_time":"2024-11-11T20:08:46+00:00","og_image":[{"width":1916,"height":297,"url":"https:\/\/petrusraulino.com.br\/wp-content\/uploads\/2020\/04\/header-pages.jpg","type":"image\/jpeg"}],"twitter_card":"summary_large_image","twitter_misc":{"Tiempo de lectura":"8 minutos"},"schema":{"@context":"https:\/\/schema.org","@graph":[]}},"_links":{"self":[{"href":"https:\/\/petrusraulino.com.br\/es\/wp-json\/wp\/v2\/pages\/40","targetHints":{"allow":["GET"]}}],"collection":[{"href":"https:\/\/petrusraulino.com.br\/es\/wp-json\/wp\/v2\/pages"}],"about":[{"href":"https:\/\/petrusraulino.com.br\/es\/wp-json\/wp\/v2\/types\/page"}],"author":[{"embeddable":true,"href":"https:\/\/petrusraulino.com.br\/es\/wp-json\/wp\/v2\/users\/4"}],"replies":[{"embeddable":true,"href":"https:\/\/petrusraulino.com.br\/es\/wp-json\/wp\/v2\/comments?post=40"}],"version-history":[{"count":34,"href":"https:\/\/petrusraulino.com.br\/es\/wp-json\/wp\/v2\/pages\/40\/revisions"}],"predecessor-version":[{"id":45039,"href":"https:\/\/petrusraulino.com.br\/es\/wp-json\/wp\/v2\/pages\/40\/revisions\/45039"}],"wp:featuredmedia":[{"embeddable":true,"href":"https:\/\/petrusraulino.com.br\/es\/wp-json\/wp\/v2\/media\/232"}],"wp:attachment":[{"href":"https:\/\/petrusraulino.com.br\/es\/wp-json\/wp\/v2\/media?parent=40"}],"curies":[{"name":"wp","href":"https:\/\/api.w.org\/{rel}","templated":true}]}}