{"id":38,"date":"2020-03-17T15:48:07","date_gmt":"2020-03-17T18:48:07","guid":{"rendered":"https:\/\/petrusraulino.com.br\/?page_id=38"},"modified":"2024-11-11T17:03:18","modified_gmt":"2024-11-11T20:03:18","slug":"experiencia","status":"publish","type":"page","link":"https:\/\/petrusraulino.com.br\/es\/experiencia\/","title":{"rendered":"Experiencia"},"content":{"rendered":"<div data-elementor-type=\"wp-page\" data-elementor-id=\"38\" class=\"elementor elementor-38\" data-elementor-post-type=\"page\">\n\t\t\t\t<div class=\"elementor-element elementor-element-3dad7bb e-flex e-con-boxed e-con e-parent\" data-id=\"3dad7bb\" data-element_type=\"container\">\n\t\t\t\t\t<div class=\"e-con-inner\">\n\t\t\t\t<div class=\"elementor-element elementor-element-5956ba2 elementor-widget elementor-widget-heading\" data-id=\"5956ba2\" data-element_type=\"widget\" data-widget_type=\"heading.default\">\n\t\t\t\t<div class=\"elementor-widget-container\">\n\t\t\t\t\t<h1 class=\"elementor-heading-title elementor-size-default\">Experiencia<\/h1>\t\t\t\t<\/div>\n\t\t\t\t<\/div>\n\t\t\t\t\t<\/div>\n\t\t\t\t<\/div>\n\t\t<div class=\"elementor-element elementor-element-b69f2fa e-grid e-con-boxed e-con e-parent\" data-id=\"b69f2fa\" data-element_type=\"container\">\n\t\t\t\t\t<div class=\"e-con-inner\">\n\t\t\t\t<div class=\"elementor-element elementor-element-db1e9fd elementor-widget elementor-widget-text-editor\" data-id=\"db1e9fd\" data-element_type=\"widget\" data-widget_type=\"text-editor.default\">\n\t\t\t\t<div class=\"elementor-widget-container\">\n\t\t\t\t\t\t\t\t\t<ul>\n<li>Psicofarmacolog\u00eda<\/li>\n<li>Hospital General Psiquiatr\u00eda<br><br><\/li>\n<\/ul>\t\t\t\t\t\t\t\t<\/div>\n\t\t\t\t<\/div>\n\t\t\t\t<div class=\"elementor-element elementor-element-2b068f2 elementor-widget elementor-widget-text-editor\" data-id=\"2b068f2\" data-element_type=\"widget\" data-widget_type=\"text-editor.default\">\n\t\t\t\t<div class=\"elementor-widget-container\">\n\t\t\t\t\t\t\t\t\t<ul>\n \t<li>Psiquiatr\u00eda cl\u00ednica para adultos<\/li>\n \t<li>La psiquiatr\u00eda en la interfaz con m\u00faltiples especialidades m\u00e9dicas<\/li>\n<\/ul>\t\t\t\t\t\t\t\t<\/div>\n\t\t\t\t<\/div>\n\t\t\t\t<div class=\"elementor-element elementor-element-9a61110 elementor-widget elementor-widget-text-editor\" data-id=\"9a61110\" data-element_type=\"widget\" data-widget_type=\"text-editor.default\">\n\t\t\t\t<div class=\"elementor-widget-container\">\n\t\t\t\t\t\t\t\t\t<ul><li class=\"\" data-ninja-font=\"montserrat_thin_normal_tw9ud\">Psiquiatr\u00eda Geri\u00e1trica<\/li><li class=\"\" data-ninja-font=\"montserrat_thin_normal_tw9ud\">Psiquiatr\u00eda de enlace \/ Interconsulta psiqui\u00e1trica<\/li><\/ul>\t\t\t\t\t\t\t\t<\/div>\n\t\t\t\t<\/div>\n\t\t\t\t\t<\/div>\n\t\t\t\t<\/div>\n\t\t<div class=\"elementor-element elementor-element-2da490d e-flex e-con-boxed e-con e-parent\" data-id=\"2da490d\" data-element_type=\"container\">\n\t\t\t\t\t<div class=\"e-con-inner\">\n\t\t\t\t<div class=\"elementor-element elementor-element-cf24f30 elementor-view-default elementor-position-top elementor-mobile-position-top elementor-widget elementor-widget-icon-box\" data-id=\"cf24f30\" data-element_type=\"widget\" data-widget_type=\"icon-box.default\">\n\t\t\t\t<div class=\"elementor-widget-container\">\n\t\t\t\t\t\t\t<div class=\"elementor-icon-box-wrapper\">\n\n\t\t\t\t\t\t<div class=\"elementor-icon-box-icon\">\n\t\t\t\t<a href=\"#detalhes\" class=\"elementor-icon\" tabindex=\"-1\" aria-label=\"DESCUBRA\">\n\t\t\t\t<svg aria-hidden=\"true\" class=\"e-font-icon-svg e-fas-chevron-down\" viewbox=\"0 0 448 512\" xmlns=\"http:\/\/www.w3.org\/2000\/svg\"><path d=\"M207.029 381.476L12.686 187.132c-9.373-9.373-9.373-24.569 0-33.941l22.667-22.667c9.357-9.357 24.522-9.375 33.901-.04L224 284.505l154.745-154.021c9.379-9.335 24.544-9.317 33.901.04l22.667 22.667c9.373 9.373 9.373 24.569 0 33.941L240.971 381.476c-9.373 9.372-24.569 9.372-33.942 0z\"><\/path><\/svg>\t\t\t\t<\/a>\n\t\t\t<\/div>\n\t\t\t\n\t\t\t\t\t\t<div class=\"elementor-icon-box-content\">\n\n\t\t\t\t\t\t\t\t\t<h3 class=\"elementor-icon-box-title\">\n\t\t\t\t\t\t<a href=\"#detalhes\" >\n\t\t\t\t\t\t\tDESCUBRA\t\t\t\t\t\t<\/a>\n\t\t\t\t\t<\/h3>\n\t\t\t\t\n\t\t\t\t\n\t\t\t<\/div>\n\t\t\t\n\t\t<\/div>\n\t\t\t\t\t\t<\/div>\n\t\t\t\t<\/div>\n\t\t\t\t\t<\/div>\n\t\t\t\t<\/div>\n\t\t<div class=\"elementor-element elementor-element-d0ae5bd e-flex e-con-boxed e-con e-parent\" data-id=\"d0ae5bd\" data-element_type=\"container\" id=\"detalhes\" data-settings=\"{&quot;background_background&quot;:&quot;classic&quot;}\">\n\t\t\t\t\t<div class=\"e-con-inner\">\n\t\t\t\t<div class=\"elementor-element elementor-element-bbfc669 elementor-widget elementor-widget-heading\" data-id=\"bbfc669\" data-element_type=\"widget\" data-widget_type=\"heading.default\">\n\t\t\t\t<div class=\"elementor-widget-container\">\n\t\t\t\t\t<p class=\"elementor-heading-title elementor-size-default\">Psiquiatr\u00eda y psicofarmacolog\u00eda cl\u00ednica aplicadas al tratamiento<\/p>\t\t\t\t<\/div>\n\t\t\t\t<\/div>\n\t\t\t\t<div class=\"elementor-element elementor-element-2604c6d elementor-widget elementor-widget-text-editor\" data-id=\"2604c6d\" data-element_type=\"widget\" data-widget_type=\"text-editor.default\">\n\t\t\t\t<div class=\"elementor-widget-container\">\n\t\t\t\t\t\t\t\t\t<div class=\"container\"><div class=\"column\"><p><!-- Conte\u00fado da Coluna 1 --><\/p><ul class=\"icons\"><li>Trastornos del estado de \u00e1nimo (depresi\u00f3n, <a href=\"https:\/\/petrusraulino.com.br\/es\/dr-petrus-psiquiatra-especialista-en-trastorno-bipolar-en-campinas\/\">trastorno bipolar<\/a>distimia, ciclotimia)<\/li><li><i class=\"fa fa-check2 text-accent-color\"><\/i>Trastornos de ansiedad y estr\u00e9s (trastorno de ansiedad generalizada, trastorno de p\u00e1nico, fobia, trastorno de estr\u00e9s postraum\u00e1tico)<\/li><li><i class=\"fa fa-check2 text-accent-color\"><\/i>Trastornos somatomorfos (trastorno de somatizaci\u00f3n, trastorno hipocondr\u00edaco)<\/li><li><i class=\"fa fa-check2 text-accent-color\"><\/i>Trastornos de adaptaci\u00f3n (trastornos relacionados con cambios o factores estresantes como transiciones profesionales, duelos concretos o duelos simb\u00f3licos).<\/li><li><i class=\"fa fa-check2 text-accent-color\"><\/i>Trastorno de estr\u00e9s postraum\u00e1tico<\/li><li><i class=\"fa fa-check2 text-accent-color\"><\/i>Trastorno obsesivo-compulsivo<\/li><li><i class=\"fa fa-check2 text-accent-color\"><\/i>Trastornos de los h\u00e1bitos y los impulsos<\/li><li><i class=\"fa fa-check2 text-accent-color\"><\/i>Trastornos psic\u00f3ticos (esquizofrenia, trastorno delirante, trastorno esquizoafectivo, trastorno psic\u00f3tico breve, trastorno psic\u00f3tico inducido)<\/li><\/ul><\/div><div class=\"column\"><p><!-- Conte\u00fado da Coluna 2 --><\/p><ul class=\"icons\"><li>Trastornos psiqui\u00e1tricos relacionados con la edad<\/li><li><i class=\"fa fa-check2 text-accent-color\"><\/i>Trastornos mentales org\u00e1nicos (trastorno cognitivo, demencia, estado confusional, <em>delirio<\/em>)<\/li><li>Trastornos mentales asociados al trastorno del espectro autista (TEA) en adultos<\/li><li>Trastornos mentales asociados a s\u00edndromes gen\u00e9ticos en adultos<\/li><li><i class=\"fa fa-check2 text-accent-color\"><\/i>Trastornos del sue\u00f1o (insomnio, hipersomnia)<\/li><li><i class=\"fa fa-check2 text-accent-color\"><\/i>Trastorno por d\u00e9ficit de atenci\u00f3n con hiperactividad<\/li><li><i class=\"fa fa-check2 text-accent-color\"><\/i>S\u00edndromes psiqui\u00e1tricos del puerperio (depresi\u00f3n, ansiedad, p\u00e1nico, psicosis)<\/li><li><i class=\"fa fa-check2 text-accent-color\"><\/i>Trastornos mentales concomitantes con enfermedades cl\u00ednicas no psiqui\u00e1tricas<\/li><li><i class=\"fa fa-check2 text-accent-color\"><\/i>Interconsulta psiqui\u00e1trica (psiquiatr\u00eda de enlace con las distintas especialidades m\u00e9dicas)<\/li><li><i class=\"fa fa-check2 text-accent-color\"><\/i>Trastornos mentales en el contexto organizativo (Salud mental y trabajo)<\/li><\/ul><\/div><\/div>\t\t\t\t\t\t\t\t<\/div>\n\t\t\t\t<\/div>\n\t\t\t\t\t<\/div>\n\t\t\t\t<\/div>\n\t\t\t\t<\/div>","protected":false},"excerpt":{"rendered":"<p>Especializaci\u00f3n Psicofarmacolog\u00eda Psiquiatr\u00eda Hospitalaria General Psiquiatr\u00eda Cl\u00ednica de Adultos Psiquiatr\u00eda en Interfaz con M\u00faltiples Especialidades M\u00e9dicas Psiquiatr\u00eda Geri\u00e1trica Psiquiatr\u00eda de Enlace \/ Interconsulta Psiqui\u00e1trica DESCUBRA Psiquiatr\u00eda y Psicofarmacolog\u00eda Cl\u00ednica aplicada al tratamiento de los Trastornos del Estado de \u00c1nimo (depresi\u00f3n, trastorno bipolar, distimia, ciclotimia) Trastornos de ansiedad y estr\u00e9s (trastorno de ansiedad generalizada, trastorno de p\u00e1nico, fobia, [...]<\/p>","protected":false},"author":4,"featured_media":232,"parent":0,"menu_order":0,"comment_status":"closed","ping_status":"closed","template":"elementor_header_footer","meta":{"_joinchat":[],"footnotes":""},"class_list":["post-38","page","type-page","status-publish","has-post-thumbnail","hentry"],"yoast_head":"<!-- This site is optimized with the Yoast SEO Premium plugin v24.7 (Yoast SEO v26.4) - https:\/\/yoast.com\/wordpress\/plugins\/seo\/ -->\n<title>Expertise | Dr. Petrus Raulino<\/title>\n<meta name=\"description\" content=\"O Dr. Petrus Raulino possui expertise em Psiquiatria e Psicofarmacologia cl\u00ednica aplicada ao tratamento de diversos transtornos.\" \/>\n<meta name=\"robots\" content=\"index, follow, max-snippet:-1, max-image-preview:large, max-video-preview:-1\" \/>\n<link rel=\"canonical\" href=\"https:\/\/petrusraulino.com.br\/es\/experiencia\/\" \/>\n<meta property=\"og:locale\" content=\"es_ES\" \/>\n<meta property=\"og:type\" content=\"article\" \/>\n<meta property=\"og:title\" content=\"Expertise\" \/>\n<meta property=\"og:description\" content=\"O Dr. Petrus Raulino possui expertise em Psiquiatria e Psicofarmacologia cl\u00ednica aplicada ao tratamento de diversos transtornos.\" \/>\n<meta property=\"og:url\" content=\"https:\/\/petrusraulino.com.br\/es\/experiencia\/\" \/>\n<meta property=\"og:site_name\" content=\"Dr. Petrus Raulino\" \/>\n<meta property=\"article:publisher\" content=\"https:\/\/www.facebook.com\/drpetrusraulinopsiquiatriaclinica\" \/>\n<meta property=\"article:modified_time\" content=\"2024-11-11T20:03:18+00:00\" \/>\n<meta property=\"og:image\" content=\"https:\/\/petrusraulino.com.br\/wp-content\/uploads\/2020\/04\/header-pages.jpg\" \/>\n\t<meta property=\"og:image:width\" content=\"1916\" \/>\n\t<meta property=\"og:image:height\" content=\"297\" \/>\n\t<meta property=\"og:image:type\" content=\"image\/jpeg\" \/>\n<meta name=\"twitter:card\" content=\"summary_large_image\" \/>\n<meta name=\"twitter:label1\" content=\"Tiempo de lectura\" \/>\n\t<meta name=\"twitter:data1\" content=\"2 minutos\" \/>\n<!-- \/ Yoast SEO Premium plugin. -->","yoast_head_json":{"title":"Experiencia | Dr Petrus Raulino","description":"El Dr. Petrus Raulino es experto en psiquiatr\u00eda y psicofarmacolog\u00eda cl\u00ednica aplicada al tratamiento de diversos trastornos.","robots":{"index":"index","follow":"follow","max-snippet":"max-snippet:-1","max-image-preview":"max-image-preview:large","max-video-preview":"max-video-preview:-1"},"canonical":"https:\/\/petrusraulino.com.br\/es\/experiencia\/","og_locale":"es_ES","og_type":"article","og_title":"Expertise","og_description":"O Dr. Petrus Raulino possui expertise em Psiquiatria e Psicofarmacologia cl\u00ednica aplicada ao tratamento de diversos transtornos.","og_url":"https:\/\/petrusraulino.com.br\/es\/experiencia\/","og_site_name":"Dr. Petrus Raulino","article_publisher":"https:\/\/www.facebook.com\/drpetrusraulinopsiquiatriaclinica","article_modified_time":"2024-11-11T20:03:18+00:00","og_image":[{"width":1916,"height":297,"url":"https:\/\/petrusraulino.com.br\/wp-content\/uploads\/2020\/04\/header-pages.jpg","type":"image\/jpeg"}],"twitter_card":"summary_large_image","twitter_misc":{"Tiempo de lectura":"2 minutos"},"schema":{"@context":"https:\/\/schema.org","@graph":[]}},"_links":{"self":[{"href":"https:\/\/petrusraulino.com.br\/es\/wp-json\/wp\/v2\/pages\/38","targetHints":{"allow":["GET"]}}],"collection":[{"href":"https:\/\/petrusraulino.com.br\/es\/wp-json\/wp\/v2\/pages"}],"about":[{"href":"https:\/\/petrusraulino.com.br\/es\/wp-json\/wp\/v2\/types\/page"}],"author":[{"embeddable":true,"href":"https:\/\/petrusraulino.com.br\/es\/wp-json\/wp\/v2\/users\/4"}],"replies":[{"embeddable":true,"href":"https:\/\/petrusraulino.com.br\/es\/wp-json\/wp\/v2\/comments?post=38"}],"version-history":[{"count":52,"href":"https:\/\/petrusraulino.com.br\/es\/wp-json\/wp\/v2\/pages\/38\/revisions"}],"predecessor-version":[{"id":45165,"href":"https:\/\/petrusraulino.com.br\/es\/wp-json\/wp\/v2\/pages\/38\/revisions\/45165"}],"wp:featuredmedia":[{"embeddable":true,"href":"https:\/\/petrusraulino.com.br\/es\/wp-json\/wp\/v2\/media\/232"}],"wp:attachment":[{"href":"https:\/\/petrusraulino.com.br\/es\/wp-json\/wp\/v2\/media?parent=38"}],"curies":[{"name":"wp","href":"https:\/\/api.w.org\/{rel}","templated":true}]}}