{"id":3,"date":"2020-03-17T15:04:20","date_gmt":"2020-03-17T18:04:20","guid":{"rendered":"https:\/\/petrusraulino.com.br\/?page_id=3"},"modified":"2024-11-11T17:03:19","modified_gmt":"2024-11-11T20:03:19","slug":"politica-de-privacidad","status":"publish","type":"page","link":"https:\/\/petrusraulino.com.br\/es\/politica-de-privacidad\/","title":{"rendered":"Pol\u00edtica de privacidad"},"content":{"rendered":"<div data-elementor-type=\"wp-page\" data-elementor-id=\"3\" class=\"elementor elementor-3\" data-elementor-post-type=\"page\">\n\t\t\t\t<div class=\"elementor-element elementor-element-3ffd58fb e-flex e-con-boxed e-con e-parent\" data-id=\"3ffd58fb\" data-element_type=\"container\">\n\t\t\t\t\t<div class=\"e-con-inner\">\n\t\t\t\t<div class=\"elementor-element elementor-element-7e5dbf0f elementor-widget elementor-widget-text-editor\" data-id=\"7e5dbf0f\" data-element_type=\"widget\" data-widget_type=\"text-editor.default\">\n\t\t\t\t<div class=\"elementor-widget-container\">\n\t\t\t\t\t\t\t\t\t\n<p>Su privacidad es importante para nosotros. Es DR. PETRUS RAULINO PSIQUIATRIA CL\u00cdNICA respetar su privacidad con respecto a cualquier informaci\u00f3n que podamos recopilar de usted a trav\u00e9s de nuestro sitio web.\u00a0<a href=\"https:\/\/petrusraulino.com.br\/es\">petrusraulino.com.br<\/a>.<\/p>\n\n<p>S\u00f3lo solicitamos informaci\u00f3n personal cuando realmente la necesitamos para prestarle un servicio. Lo hacemos por medios justos y legales, con su conocimiento y consentimiento. Tambi\u00e9n le explicamos por qu\u00e9 la recabamos y c\u00f3mo se utilizar\u00e1.<\/p>\n\n<p>S\u00f3lo conservamos la informaci\u00f3n recopilada durante el tiempo necesario para prestar el servicio solicitado. Cuando almacenamos datos, los protegemos con medios comercialmente aceptables para evitar p\u00e9rdidas y robos, as\u00ed como el acceso, la divulgaci\u00f3n, la copia, el uso o la modificaci\u00f3n no autorizados.<\/p>\n\n<p>No compartimos informaci\u00f3n personal identificable p\u00fablicamente ni con terceros, excepto cuando lo exige la ley.<\/p>\n\n<p>Nuestro sitio web puede contener enlaces a sitios web externos no gestionados por nosotros. Tenga en cuenta que no tenemos ning\u00fan control sobre el contenido y las pr\u00e1cticas de estos sitios y no podemos aceptar ninguna responsabilidad por sus respectivos contenidos.\u00a0<a href=\"https:\/\/politicaprivacidade.com\/#_blank\" target=\"_blank\" rel=\"noopener noreferrer\">pol\u00edticas de privacidad<\/a>.<\/p>\n\n<p>Usted es libre de rechazar nuestra solicitud de informaci\u00f3n personal entendiendo que es posible que no podamos prestarle algunos de los servicios que necesita.<\/p>\n\n<p>Su uso continuado de nuestro sitio web se considerar\u00e1 una aceptaci\u00f3n de nuestras pr\u00e1cticas en torno a la privacidad y la informaci\u00f3n personal. Si tiene alguna pregunta sobre c\u00f3mo tratamos los datos de los usuarios y la informaci\u00f3n personal, p\u00f3ngase en contacto con nosotros.<\/p>\n\n<h3 class=\"wp-block-heading\"><strong>DR. PETRUS RAULINO PSIQUIATR\u00cdA CL\u00cdNICA <\/strong><\/h3>\n\n<h4 class=\"wp-block-heading\"><strong>\u00bfQu\u00e9 son las cookies?<\/strong><\/h4>\n\n<p>Como es pr\u00e1ctica habitual en casi todos los sitios web profesionales, este sitio utiliza cookies, que son peque\u00f1os archivos que se descargan en su ordenador para mejorar su experiencia. Esta p\u00e1gina describe qu\u00e9 informaci\u00f3n recogen, c\u00f3mo la utilizamos y por qu\u00e9 a veces necesitamos almacenar estas cookies. Tambi\u00e9n le explicaremos c\u00f3mo puede evitar que se almacenen estas cookies; sin embargo, esto puede degradar o \"romper\" ciertos elementos de la funcionalidad del sitio.<\/p>\n\n<h4 class=\"wp-block-heading\"><strong>\u00bfC\u00f3mo utilizamos las cookies?<\/strong><\/h4>\n\n<p>Utilizamos cookies por varias razones, que se detallan a continuaci\u00f3n. Lamentablemente, en la mayor\u00eda de los casos, no existen opciones est\u00e1ndar en el sector para desactivar las cookies sin inhabilitar por completo la funcionalidad y las caracter\u00edsticas que a\u00f1aden a este sitio web. Se recomienda que deje todas las cookies si no est\u00e1 seguro de si las necesita o no, en caso de que se utilicen para prestar un servicio que usted utilice.<\/p>\n\n<h4 class=\"wp-block-heading\"><strong>Deshabilitar las cookies<\/strong><\/h4>\n\n<p>Puede evitar la instalaci\u00f3n de cookies ajustando la configuraci\u00f3n de su navegador (consulte la Ayuda de su navegador para saber c\u00f3mo hacerlo). Tenga en cuenta que deshabilitar las cookies afectar\u00e1 a la funcionalidad de este sitio web y de muchos otros que visite. Por lo general, la desactivaci\u00f3n de las cookies conllevar\u00e1 la desactivaci\u00f3n de determinadas funciones y caracter\u00edsticas de este sitio web. Por lo tanto, le recomendamos que no desactive las cookies.<\/p>\n\n<h4 class=\"wp-block-heading\"><strong>Cookies que instalamos<\/strong><\/h4>\n\n<ul class=\"wp-block-list\">\n<li>Cookies relacionadas con encuestas. Peri\u00f3dicamente ofrecemos encuestas y cuestionarios para proporcionar informaci\u00f3n interesante, herramientas \u00fatiles o para comprender mejor nuestra base de usuarios. Estas encuestas pueden utilizar cookies para recordar qui\u00e9n ha participado ya en una encuesta o para ofrecer resultados precisos despu\u00e9s de cambiar de p\u00e1gina.<\/li>\n\n<li>Cookies relacionadas con formularios. Cuando se env\u00edan datos a trav\u00e9s de un formulario, como los que se encuentran en las p\u00e1ginas de contacto o en los formularios de comentarios, las cookies pueden configurarse para recordar los datos del usuario para futuras correspondencias.<\/li>\n\n<li>Cookies de preferencias del sitio. Para proporcionarle una gran experiencia en este sitio, le ofrecemos la funcionalidad de establecer sus preferencias sobre c\u00f3mo funciona este sitio cuando lo utiliza. Para recordar sus preferencias, necesitamos instalar cookies de modo que esta informaci\u00f3n pueda ser consultada cada vez que interact\u00fae con una p\u00e1gina afectada por sus preferencias.<\/li>\n<\/ul>\n\n<h4 class=\"wp-block-heading\"><strong>Cookies de terceros<\/strong><\/h4>\n\n<p>En algunos casos especiales, tambi\u00e9n utilizamos cookies proporcionadas por terceros de confianza. En la siguiente secci\u00f3n se detalla qu\u00e9 cookies de terceros puede encontrar a trav\u00e9s de este sitio web.<\/p>\n\n<ul class=\"wp-block-list\">\n<li>Este sitio utiliza Google Analytics, que es una de las soluciones anal\u00edticas m\u00e1s extendidas y fiables de la web, para ayudarnos a comprender c\u00f3mo utiliza el sitio y c\u00f3mo podemos mejorar su experiencia. Estas cookies pueden rastrear aspectos como el tiempo que pasas en el sitio y las p\u00e1ginas que visitas, para que podamos seguir produciendo contenidos atractivos.<\/li>\n<\/ul>\n\n<p>Para obtener m\u00e1s informaci\u00f3n sobre las cookies de Google Analytics, consulte la p\u00e1gina oficial de Google Analytics.<\/p>\n\n<ul class=\"wp-block-list\">\n<li>Los an\u00e1lisis de terceros se utilizan para rastrear y medir el uso de este sitio web, de modo que podamos seguir produciendo contenidos atractivos. Estas cookies pueden rastrear elementos como el tiempo que pasa en el sitio o las p\u00e1ginas que visita, lo que nos ayuda a entender c\u00f3mo podemos mejorar el sitio para usted.<\/li>\n\n<li>Peri\u00f3dicamente probamos nuevas funciones y hacemos cambios sutiles en el aspecto del sitio. Cuando a\u00fan estamos probando nuevas funciones, estas cookies pueden utilizarse para garantizar que usted recibe una experiencia coherente mientras est\u00e1 en el sitio, al tiempo que comprendemos qu\u00e9 optimizaciones aprecian m\u00e1s nuestros usuarios.<\/li>\n\n<li>Como vendemos servicios, es importante para nosotros conocer las estad\u00edsticas sobre cu\u00e1ntos visitantes de nuestro sitio compran realmente nuestros servicios y, por tanto, este es el tipo de datos que rastrear\u00e1n estas cookies. Esto es importante para usted, ya que significa que podemos hacer previsiones comerciales precisas que nos permiten analizar nuestros costes de publicidad y servicios para asegurarnos de que optimizamos los recursos financieros que usted invierte.<\/li>\n<\/ul>\n\n<h4 class=\"wp-block-heading\"><strong>M\u00e1s informaci\u00f3n<\/strong><\/h4>\n\n<p>Esperemos que esto se haya aclarado y, como se mencion\u00f3 anteriormente, si hay algo que no est\u00e1 seguro de si necesita o no, generalmente es m\u00e1s seguro dejar las cookies habilitadas si interact\u00faa con una de las funciones que utiliza en nuestro sitio.<\/p>\n\n<p>Esta pol\u00edtica entrar\u00e1 en vigor el\u00a0<strong>Septiembre<\/strong>\/<strong>2020<\/strong>.<\/p>\n\t\t\t\t\t\t\t\t<\/div>\n\t\t\t\t<\/div>\n\t\t\t\t\t<\/div>\n\t\t\t\t<\/div>\n\t\t\t\t<\/div>","protected":false},"excerpt":{"rendered":"<p>A sua privacidade \u00e9 importante para n\u00f3s. \u00c9 pol\u00edtica de DR. PETRUS RAULINO PSIQUIATRIA CL\u00cdNICA respeitar a sua privacidade em rela\u00e7\u00e3o a qualquer informa\u00e7\u00e3o sua que possamos coletar no site\u00a0petrusraulino.com.br. Solicitamos informa\u00e7\u00f5es pessoais apenas quando realmente precisamos delas para lhe fornecer um servi\u00e7o. Fazemo-lo por meios justos e legais, com o seu conhecimento e consentimento. [&hellip;]<\/p>","protected":false},"author":4,"featured_media":0,"parent":0,"menu_order":0,"comment_status":"closed","ping_status":"open","template":"","meta":{"_joinchat":[],"footnotes":""},"class_list":["post-3","page","type-page","status-publish","hentry"],"yoast_head":"<!-- This site is optimized with the Yoast SEO Premium plugin v24.7 (Yoast SEO v26.4) - https:\/\/yoast.com\/wordpress\/plugins\/seo\/ -->\n<title>Pol\u00edtica Privacidade | Dr. Petrus Raulino<\/title>\n<meta name=\"description\" content=\"Pol\u00edtica Privacidade Conte com algu\u00e9m que \u00e9 refer\u00eancia em psiquiatria em Campinas. Dr. Petrus Raulino\" \/>\n<meta name=\"robots\" content=\"noindex, nofollow\" \/>\n<meta property=\"og:locale\" content=\"es_ES\" \/>\n<meta property=\"og:type\" content=\"article\" \/>\n<meta property=\"og:title\" content=\"Pol\u00edtica Privacidade\" \/>\n<meta property=\"og:description\" content=\"Pol\u00edtica Privacidade Conte com algu\u00e9m que \u00e9 refer\u00eancia em psiquiatria em Campinas. Dr. Petrus Raulino\" \/>\n<meta property=\"og:url\" content=\"https:\/\/petrusraulino.com.br\/es\/politica-de-privacidad\/\" \/>\n<meta property=\"og:site_name\" content=\"Dr. Petrus Raulino\" \/>\n<meta property=\"article:publisher\" content=\"https:\/\/www.facebook.com\/drpetrusraulinopsiquiatriaclinica\" \/>\n<meta property=\"article:modified_time\" content=\"2024-11-11T20:03:19+00:00\" \/>\n<meta property=\"og:image\" content=\"https:\/\/petrusraulino.com.br\/wp-content\/uploads\/2020\/05\/logo-light.png\" \/>\n\t<meta property=\"og:image:width\" content=\"242\" \/>\n\t<meta property=\"og:image:height\" content=\"112\" \/>\n\t<meta property=\"og:image:type\" content=\"image\/png\" \/>\n<meta name=\"twitter:card\" content=\"summary_large_image\" \/>\n<meta name=\"twitter:label1\" content=\"Tiempo de lectura\" \/>\n\t<meta name=\"twitter:data1\" content=\"5 minutos\" \/>\n<!-- \/ Yoast SEO Premium plugin. -->","yoast_head_json":{"title":"Pol\u00edtica de privacidad | Dr Petrus Raulino","description":"Pol\u00edtica de Privacidad Cuente con alguien que es referencia en psiquiatr\u00eda en Campinas. Dr Petrus Raulino","robots":{"index":"noindex","follow":"nofollow"},"og_locale":"es_ES","og_type":"article","og_title":"Pol\u00edtica Privacidade","og_description":"Pol\u00edtica Privacidade Conte com algu\u00e9m que \u00e9 refer\u00eancia em psiquiatria em Campinas. Dr. Petrus Raulino","og_url":"https:\/\/petrusraulino.com.br\/es\/politica-de-privacidad\/","og_site_name":"Dr. Petrus Raulino","article_publisher":"https:\/\/www.facebook.com\/drpetrusraulinopsiquiatriaclinica","article_modified_time":"2024-11-11T20:03:19+00:00","og_image":[{"width":242,"height":112,"url":"https:\/\/petrusraulino.com.br\/wp-content\/uploads\/2020\/05\/logo-light.png","type":"image\/png"}],"twitter_card":"summary_large_image","twitter_misc":{"Tiempo de lectura":"5 minutos"},"schema":{"@context":"https:\/\/schema.org","@graph":[]}},"_links":{"self":[{"href":"https:\/\/petrusraulino.com.br\/es\/wp-json\/wp\/v2\/pages\/3","targetHints":{"allow":["GET"]}}],"collection":[{"href":"https:\/\/petrusraulino.com.br\/es\/wp-json\/wp\/v2\/pages"}],"about":[{"href":"https:\/\/petrusraulino.com.br\/es\/wp-json\/wp\/v2\/types\/page"}],"author":[{"embeddable":true,"href":"https:\/\/petrusraulino.com.br\/es\/wp-json\/wp\/v2\/users\/4"}],"replies":[{"embeddable":true,"href":"https:\/\/petrusraulino.com.br\/es\/wp-json\/wp\/v2\/comments?post=3"}],"version-history":[{"count":4,"href":"https:\/\/petrusraulino.com.br\/es\/wp-json\/wp\/v2\/pages\/3\/revisions"}],"predecessor-version":[{"id":44834,"href":"https:\/\/petrusraulino.com.br\/es\/wp-json\/wp\/v2\/pages\/3\/revisions\/44834"}],"wp:attachment":[{"href":"https:\/\/petrusraulino.com.br\/es\/wp-json\/wp\/v2\/media?parent=3"}],"curies":[{"name":"wp","href":"https:\/\/api.w.org\/{rel}","templated":true}]}}