{"id":45096,"date":"2024-10-17T15:55:51","date_gmt":"2024-10-17T18:55:51","guid":{"rendered":"https:\/\/petrusraulino.com.br\/?page_id=45096"},"modified":"2024-11-11T17:03:18","modified_gmt":"2024-11-11T20:03:18","slug":"dr-petrus-psychiatrist-specializing-in-bipolar-disorder-in-campinas","status":"publish","type":"page","link":"https:\/\/petrusraulino.com.br\/en\/expertise\/dr-petrus-psychiatrist-specializing-in-bipolar-disorder-in-campinas\/","title":{"rendered":"Dr. Petrus: psychiatrist specializing in bipolar disorder in Campinas"},"content":{"rendered":"<div data-elementor-type=\"wp-page\" data-elementor-id=\"45096\" class=\"elementor elementor-45096\" data-elementor-post-type=\"page\">\n\t\t\t\t<div class=\"elementor-element elementor-element-b354579 e-flex e-con-boxed e-con e-parent\" data-id=\"b354579\" data-element_type=\"container\">\n\t\t\t\t\t<div class=\"e-con-inner\">\n\t\t\t\t<div class=\"elementor-element elementor-element-450aecc elementor-align-center elementor-widget elementor-widget-breadcrumbs\" data-id=\"450aecc\" data-element_type=\"widget\" data-widget_type=\"breadcrumbs.default\">\n\t\t\t\t<div class=\"elementor-widget-container\">\n\t\t\t\t\t<p id=\"breadcrumbs\"><span><span><a href=\"https:\/\/petrusraulino.com.br\/en\">Home<\/a><\/span><\/span><\/p>\t\t\t\t<\/div>\n\t\t\t\t<\/div>\n\t\t\t\t\t<\/div>\n\t\t\t\t<\/div>\n\t\t<div class=\"elementor-element elementor-element-1e3dcbf e-flex e-con-boxed e-con e-parent\" data-id=\"1e3dcbf\" data-element_type=\"container\">\n\t\t\t\t\t<div class=\"e-con-inner\">\n\t\t<div class=\"elementor-element elementor-element-19b8f20 e-con-full e-flex e-con e-child\" data-id=\"19b8f20\" data-element_type=\"container\">\n\t\t\t\t<div class=\"elementor-element elementor-element-56bcddc elementor-widget elementor-widget-text-editor\" data-id=\"56bcddc\" data-element_type=\"widget\" data-widget_type=\"text-editor.default\">\n\t\t\t\t<div class=\"elementor-widget-container\">\n\t\t\t\t\t\t\t\t\tBipolar disorder is a complex and multifaceted condition that requires a careful and experienced eye for its proper management. In Campinas, Dr. Petrus Raulino stands out for his experience and dedication to treating this disorder, offering his patients a specialized and humanized approach.\t\t\t\t\t\t\t\t<\/div>\n\t\t\t\t<\/div>\n\t\t\t\t<\/div>\n\t\t\t\t\t<\/div>\n\t\t\t\t<\/div>\n\t\t<div class=\"elementor-element elementor-element-55a8ec5 e-flex e-con-boxed e-con e-parent\" data-id=\"55a8ec5\" data-element_type=\"container\">\n\t\t\t\t\t<div class=\"e-con-inner\">\n\t\t<div class=\"elementor-element elementor-element-26190c4 e-con-full e-flex e-con e-child\" data-id=\"26190c4\" data-element_type=\"container\">\n\t\t\t\t<div class=\"elementor-element elementor-element-f2ec8d0 elementor-widget elementor-widget-heading\" data-id=\"f2ec8d0\" data-element_type=\"widget\" data-widget_type=\"heading.default\">\n\t\t\t\t<div class=\"elementor-widget-container\">\n\t\t\t\t\t<h2 class=\"elementor-heading-title elementor-size-default\">What is bipolar disorder<\/h2>\t\t\t\t<\/div>\n\t\t\t\t<\/div>\n\t\t\t\t<\/div>\n\t\t<div class=\"elementor-element elementor-element-316f61c e-con-full e-flex e-con e-child\" data-id=\"316f61c\" data-element_type=\"container\">\n\t\t\t\t<div class=\"elementor-element elementor-element-dc8bfe3 elementor-widget elementor-widget-text-editor\" data-id=\"dc8bfe3\" data-element_type=\"widget\" data-widget_type=\"text-editor.default\">\n\t\t\t\t<div class=\"elementor-widget-container\">\n\t\t\t\t\t\t\t\t\t<p><b>Bipolar disorder is a psychiatric illness characterized by alternating episodes of depression and mania or hypomania. <\/b>These periods are marked by significant changes in mood, energy and behavior, profoundly impacting the individual's life.<\/p><p>These fluctuations include episodes of depression, characterized by persistent feelings of sadness, hopelessness and loss of interest in previously pleasurable activities, as well as episodes of mania or hypomania, manifested by phases of euphoria, irritability or increased energy and activity.<\/p><p>Unlike the usual ups and downs that everyone experiences, the mood swings in bipolar disorder are so intense that <b>interfere with work capacity, school performance, interpersonal relationships and can lead to risky behavior.<\/b><b><br \/><\/b><\/p>\t\t\t\t\t\t\t\t<\/div>\n\t\t\t\t<\/div>\n\t\t\t\t<\/div>\n\t\t\t\t\t<\/div>\n\t\t\t\t<\/div>\n\t\t<div class=\"elementor-element elementor-element-6bcfc23 e-flex e-con-boxed e-con e-parent\" data-id=\"6bcfc23\" data-element_type=\"container\">\n\t\t\t\t\t<div class=\"e-con-inner\">\n\t\t\t\t<div class=\"elementor-element elementor-element-e1c2b79 elementor-widget elementor-widget-text-editor\" data-id=\"e1c2b79\" data-element_type=\"widget\" data-widget_type=\"text-editor.default\">\n\t\t\t\t<div class=\"elementor-widget-container\">\n\t\t\t\t\t\t\t\t\t<p>Episodes can last for weeks or even months and are often separated by periods of relatively normal mood.<\/p><p>It is essential to understand that bipolar disorder is a heterogeneous condition, which means that each affected person can experience the disorder in a unique way. Some individuals may have more frequent manic episodes, while others may suffer mainly from depression, and there are those who experience rapid cycles between the two states.<\/p><p>Although the onset of symptoms usually occurs between the ages of 25 and 35, bipolar disorder can manifest itself in both adolescents and older adults, with less common onset after the age of 60. Early recognition of the signs and symptoms is crucial for starting treatment and improving the prognosis.<\/p>\t\t\t\t\t\t\t\t<\/div>\n\t\t\t\t<\/div>\n\t\t\t\t\t<\/div>\n\t\t\t\t<\/div>\n\t\t<div class=\"elementor-element elementor-element-c63bf2a e-flex e-con-boxed e-con e-parent\" data-id=\"c63bf2a\" data-element_type=\"container\">\n\t\t\t\t\t<div class=\"e-con-inner\">\n\t\t\t\t<div class=\"elementor-element elementor-element-7d4aa6c elementor-widget elementor-widget-heading\" data-id=\"7d4aa6c\" data-element_type=\"widget\" data-widget_type=\"heading.default\">\n\t\t\t\t<div class=\"elementor-widget-container\">\n\t\t\t\t\t<h2 class=\"elementor-heading-title elementor-size-default\">How bipolar disorder is diagnosed<\/h2>\t\t\t\t<\/div>\n\t\t\t\t<\/div>\n\t\t\t\t<div class=\"elementor-element elementor-element-76c696a elementor-widget elementor-widget-text-editor\" data-id=\"76c696a\" data-element_type=\"widget\" data-widget_type=\"text-editor.default\">\n\t\t\t\t<div class=\"elementor-widget-container\">\n\t\t\t\t\t\t\t\t\t<p>The diagnosis of bipolar disorder is essentially clinical and should be carried out by an experienced psychiatrist.<\/p><p>O <a href=\"https:\/\/petrusraulino.com.br\/en\/about\/\">Dr. Petrus Raulino<\/a>, with his vast experience in psychiatric hospitalizations and emergency room care, uses detailed anamnesis and mental examination to identify the characteristic episodes of the disorder and differentiate it from other conditions, such as schizophrenia.<\/p><p>Identification of the disorder is based on the patient's clinical history (anamnesis) and mental examination. There are no laboratory or imaging tests to confirm the diagnosis; however, these tests can be useful in ruling out other organic causes that may mimic the symptoms of bipolar disorder.<\/p><p>For an accurate classification, Dr. Petrus follows the guidelines of globally recognized medical diagnostic manuals, such as the DSM-5 (Diagnostic and Statistical Manual of Mental Disorders, 5th edition), the ICD-10 (International Classification of Diseases, 10th revision) and the more recent ICD-11. These manuals describe the specific criteria for the subtypes of bipolar disorder:<\/p><ul><li><strong>Bipolar Disorder Type 1:<\/strong> characterized by at least one complete manic episode. It is possible that the patient has also had episodes of major depression, but these are not mandatory for the diagnosis.<\/li><li><strong>Bipolar Disorder Type 2:<\/strong> defined by the occurrence of at least one hypomanic episode and no complete manic episodes. As with Type 1, it is possible that the patient has also had episodes of major depression, but these are not mandatory for the diagnosis.<\/li><\/ul><p>\u00a0<\/p><p>It is essential to understand that bipolar disorder is a diverse condition, and the patterns of affective episodes vary significantly between patients. Diagnosis is the key to effective treatment, tailored to the patient's individual needs and their specific pattern of symptoms.<\/p>\t\t\t\t\t\t\t\t<\/div>\n\t\t\t\t<\/div>\n\t\t\t\t\t<\/div>\n\t\t\t\t<\/div>\n\t\t<div class=\"elementor-element elementor-element-98bcd54 e-flex e-con-boxed e-con e-parent\" data-id=\"98bcd54\" data-element_type=\"container\">\n\t\t\t\t\t<div class=\"e-con-inner\">\n\t\t<div class=\"elementor-element elementor-element-97048fa e-con-full e-flex e-con e-child\" data-id=\"97048fa\" data-element_type=\"container\">\n\t\t\t\t<div class=\"elementor-element elementor-element-47b2303 elementor-widget elementor-widget-heading\" data-id=\"47b2303\" data-element_type=\"widget\" data-widget_type=\"heading.default\">\n\t\t\t\t<div class=\"elementor-widget-container\">\n\t\t\t\t\t<h2 class=\"elementor-heading-title elementor-size-default\">Treatment by a psychiatrist specializing in bipolar disorder<\/h2>\t\t\t\t<\/div>\n\t\t\t\t<\/div>\n\t\t\t\t<\/div>\n\t\t<div class=\"elementor-element elementor-element-9d4215e e-con-full e-flex e-con e-child\" data-id=\"9d4215e\" data-element_type=\"container\">\n\t\t\t\t<div class=\"elementor-element elementor-element-1da1b91 elementor-widget elementor-widget-text-editor\" data-id=\"1da1b91\" data-element_type=\"widget\" data-widget_type=\"text-editor.default\">\n\t\t\t\t<div class=\"elementor-widget-container\">\n\t\t\t\t\t\t\t\t\t<p>Dr. Petrus Raulino, with his extensive experience in psychiatry, emergencies and psychiatric hospitalizations, offers a specialized approach to the treatment of bipolar disorder.<\/p><p>His knowledge and practice in highly complex environments, including having been responsible for the Vera Cruz psychiatric inter-consultation service in Campinas for more than 10 years, give him a unique ability to diagnose and treat patients with this condition.<\/p><p>Many patients, when they are in remission from bipolar disorder, i.e. they don't have depressive, manic or hypomanic symptoms, don't show any alterations in their mental examination, maintaining their functional capacity and ability to work. Therefore, bipolar disorder impacts and incapacitates when it is active.<\/p>\t\t\t\t\t\t\t\t<\/div>\n\t\t\t\t<\/div>\n\t\t\t\t<\/div>\n\t\t\t\t\t<\/div>\n\t\t\t\t<\/div>\n\t\t<div class=\"elementor-element elementor-element-026caf9 e-flex e-con-boxed e-con e-parent\" data-id=\"026caf9\" data-element_type=\"container\">\n\t\t\t\t\t<div class=\"e-con-inner\">\n\t\t\t\t<div class=\"elementor-element elementor-element-744d2e0 elementor-widget elementor-widget-heading\" data-id=\"744d2e0\" data-element_type=\"widget\" data-widget_type=\"heading.default\">\n\t\t\t\t<div class=\"elementor-widget-container\">\n\t\t\t\t\t<h3 class=\"elementor-heading-title elementor-size-default\">Medication for bipolar disorder<\/h3>\t\t\t\t<\/div>\n\t\t\t\t<\/div>\n\t\t\t\t<div class=\"elementor-element elementor-element-2df65d6 elementor-widget elementor-widget-text-editor\" data-id=\"2df65d6\" data-element_type=\"widget\" data-widget_type=\"text-editor.default\">\n\t\t\t\t<div class=\"elementor-widget-container\">\n\t\t\t\t\t\t\t\t\t<p>The drugs most indicated for the treatment of bipolar disorder are mood stabilizers, such as lithium, divalproate and carbamazepine, and antipsychotics, for symptom management and relapse prevention.<\/p><p>The choice of treatment is always made with the aim of providing the best control of the disease, respecting the individuality of each patient.<\/p><p>Another class of psychotropic drugs used for treatment are atypical antipsychotics, such as aripiprazole, lurasidone, clozapine, quetiapine, which can be used in combination with mood stabilizers.<\/p>\t\t\t\t\t\t\t\t<\/div>\n\t\t\t\t<\/div>\n\t\t\t\t\t<\/div>\n\t\t\t\t<\/div>\n\t\t<div class=\"elementor-element elementor-element-791ff5d e-flex e-con-boxed e-con e-parent\" data-id=\"791ff5d\" data-element_type=\"container\">\n\t\t\t\t\t<div class=\"e-con-inner\">\n\t\t<div class=\"elementor-element elementor-element-1187e4c e-con-full e-flex e-con e-child\" data-id=\"1187e4c\" data-element_type=\"container\">\n\t\t\t\t<div class=\"elementor-element elementor-element-12863df elementor-widget elementor-widget-heading\" data-id=\"12863df\" data-element_type=\"widget\" data-widget_type=\"heading.default\">\n\t\t\t\t<div class=\"elementor-widget-container\">\n\t\t\t\t\t<h2 class=\"elementor-heading-title elementor-size-default\">Can psychoactive substances induce bipolar disorder?<\/h2>\t\t\t\t<\/div>\n\t\t\t\t<\/div>\n\t\t\t\t<\/div>\n\t\t<div class=\"elementor-element elementor-element-8d3ca0f e-con-full e-flex e-con e-child\" data-id=\"8d3ca0f\" data-element_type=\"container\">\n\t\t\t\t<div class=\"elementor-element elementor-element-2a26d3b elementor-widget elementor-widget-text-editor\" data-id=\"2a26d3b\" data-element_type=\"widget\" data-widget_type=\"text-editor.default\">\n\t\t\t\t<div class=\"elementor-widget-container\">\n\t\t\t\t\t\t\t\t\t<p>Yes, the use of psychoactive substances, especially in individuals with a genetic predisposition, can trigger bipolar disorder.<\/p><p>You should be aware of the risks associated with the use of drugs such as synthetic hallucinogens, cocaine and cannabis, which can lead to induced symptoms of the disorder. It's important to note that there are patients who would probably never have bipolar disorder if they hadn't used these substances.<\/p>\t\t\t\t\t\t\t\t<\/div>\n\t\t\t\t<\/div>\n\t\t\t\t<\/div>\n\t\t\t\t\t<\/div>\n\t\t\t\t<\/div>\n\t\t\t\t<\/div>","protected":false},"excerpt":{"rendered":"<p>O transtorno bipolar \u00e9 uma condi\u00e7\u00e3o complexa e multifacetada, que requer um olhar cuidadoso e experiente para seu manejo adequado. Em Campinas, o Dr. Petrus Raulino se destaca por sua experi\u00eancia e dedica\u00e7\u00e3o ao tratamento deste dist\u00farbio, oferecendo aos seus pacientes uma abordagem especializada e humanizada. O que \u00e9 transtorno bipolar O transtorno bipolar \u00e9 [&hellip;]<\/p>","protected":false},"author":4,"featured_media":44772,"parent":38,"menu_order":0,"comment_status":"closed","ping_status":"closed","template":"","meta":{"_joinchat":[],"footnotes":""},"class_list":["post-45096","page","type-page","status-publish","has-post-thumbnail","hentry"],"yoast_head":"<!-- This site is optimized with the Yoast SEO Premium plugin v24.7 (Yoast SEO v26.4) - https:\/\/yoast.com\/wordpress\/plugins\/seo\/ -->\n<title>Dr. Petrus: psiquiatra especializado em transtorno bipolar em Campinas | Dr. Petrus Raulino<\/title>\n<meta name=\"description\" content=\"Dr. Petrus: psiquiatra especializado em transtorno bipolar em Campinas Conte com algu\u00e9m que \u00e9 refer\u00eancia em psiquiatria em Campinas. Dr. Petrus Raulino\" \/>\n<meta name=\"robots\" content=\"index, follow, max-snippet:-1, max-image-preview:large, max-video-preview:-1\" \/>\n<link rel=\"canonical\" href=\"https:\/\/petrusraulino.com.br\/en\/expertise\/dr-petrus-psychiatrist-specializing-in-bipolar-disorder-in-campinas\/\" \/>\n<meta property=\"og:locale\" content=\"en_US\" \/>\n<meta property=\"og:type\" content=\"article\" \/>\n<meta property=\"og:title\" content=\"Dr. Petrus: psiquiatra especializado em transtorno bipolar em Campinas\" \/>\n<meta property=\"og:description\" content=\"Dr. Petrus: psiquiatra especializado em transtorno bipolar em Campinas Conte com algu\u00e9m que \u00e9 refer\u00eancia em psiquiatria em Campinas. Dr. Petrus Raulino\" \/>\n<meta property=\"og:url\" content=\"https:\/\/petrusraulino.com.br\/en\/expertise\/dr-petrus-psychiatrist-specializing-in-bipolar-disorder-in-campinas\/\" \/>\n<meta property=\"og:site_name\" content=\"Dr. Petrus Raulino\" \/>\n<meta property=\"article:publisher\" content=\"https:\/\/www.facebook.com\/drpetrusraulinopsiquiatriaclinica\" \/>\n<meta property=\"article:modified_time\" content=\"2024-11-11T20:03:18+00:00\" \/>\n<meta property=\"og:image\" content=\"https:\/\/petrusraulino.com.br\/wp-content\/uploads\/2024\/09\/Psicofarmacologia.jpg\" \/>\n\t<meta property=\"og:image:width\" content=\"1200\" \/>\n\t<meta property=\"og:image:height\" content=\"800\" \/>\n\t<meta property=\"og:image:type\" content=\"image\/jpeg\" \/>\n<meta name=\"twitter:card\" content=\"summary_large_image\" \/>\n<meta name=\"twitter:label1\" content=\"Est. reading time\" \/>\n\t<meta name=\"twitter:data1\" content=\"5 minutes\" \/>\n<!-- \/ Yoast SEO Premium plugin. -->","yoast_head_json":{"title":"Dr. Petrus: psychiatrist specializing in bipolar disorder in Campinas | Dr. Petrus Raulino","description":"Dr. Petrus: psychiatrist specializing in bipolar disorder in Campinas Count on someone who is a reference in psychiatry in Campinas. Dr. Petrus Raulino","robots":{"index":"index","follow":"follow","max-snippet":"max-snippet:-1","max-image-preview":"max-image-preview:large","max-video-preview":"max-video-preview:-1"},"canonical":"https:\/\/petrusraulino.com.br\/en\/expertise\/dr-petrus-psychiatrist-specializing-in-bipolar-disorder-in-campinas\/","og_locale":"en_US","og_type":"article","og_title":"Dr. Petrus: psiquiatra especializado em transtorno bipolar em Campinas","og_description":"Dr. Petrus: psiquiatra especializado em transtorno bipolar em Campinas Conte com algu\u00e9m que \u00e9 refer\u00eancia em psiquiatria em Campinas. Dr. Petrus Raulino","og_url":"https:\/\/petrusraulino.com.br\/en\/expertise\/dr-petrus-psychiatrist-specializing-in-bipolar-disorder-in-campinas\/","og_site_name":"Dr. Petrus Raulino","article_publisher":"https:\/\/www.facebook.com\/drpetrusraulinopsiquiatriaclinica","article_modified_time":"2024-11-11T20:03:18+00:00","og_image":[{"width":1200,"height":800,"url":"https:\/\/petrusraulino.com.br\/wp-content\/uploads\/2024\/09\/Psicofarmacologia.jpg","type":"image\/jpeg"}],"twitter_card":"summary_large_image","twitter_misc":{"Est. reading time":"5 minutes"},"schema":{"@context":"https:\/\/schema.org","@graph":[]}},"_links":{"self":[{"href":"https:\/\/petrusraulino.com.br\/en\/wp-json\/wp\/v2\/pages\/45096","targetHints":{"allow":["GET"]}}],"collection":[{"href":"https:\/\/petrusraulino.com.br\/en\/wp-json\/wp\/v2\/pages"}],"about":[{"href":"https:\/\/petrusraulino.com.br\/en\/wp-json\/wp\/v2\/types\/page"}],"author":[{"embeddable":true,"href":"https:\/\/petrusraulino.com.br\/en\/wp-json\/wp\/v2\/users\/4"}],"replies":[{"embeddable":true,"href":"https:\/\/petrusraulino.com.br\/en\/wp-json\/wp\/v2\/comments?post=45096"}],"version-history":[{"count":23,"href":"https:\/\/petrusraulino.com.br\/en\/wp-json\/wp\/v2\/pages\/45096\/revisions"}],"predecessor-version":[{"id":45175,"href":"https:\/\/petrusraulino.com.br\/en\/wp-json\/wp\/v2\/pages\/45096\/revisions\/45175"}],"up":[{"embeddable":true,"href":"https:\/\/petrusraulino.com.br\/en\/wp-json\/wp\/v2\/pages\/38"}],"wp:featuredmedia":[{"embeddable":true,"href":"https:\/\/petrusraulino.com.br\/en\/wp-json\/wp\/v2\/media\/44772"}],"wp:attachment":[{"href":"https:\/\/petrusraulino.com.br\/en\/wp-json\/wp\/v2\/media?parent=45096"}],"curies":[{"name":"wp","href":"https:\/\/api.w.org\/{rel}","templated":true}]}}