{"id":40961,"date":"2022-06-28T14:06:49","date_gmt":"2022-06-28T17:06:49","guid":{"rendered":"https:\/\/petrusraulino.com.br\/?page_id=40961"},"modified":"2024-11-11T17:03:19","modified_gmt":"2024-11-11T20:03:19","slug":"lecture-at-the-38th-brazilian-congress-of-psychiatry-psychiatric-interconsultation-and-palliative-care-in-geriatrics-4","status":"publish","type":"page","link":"https:\/\/petrusraulino.com.br\/en\/lecture-at-the-38th-brazilian-congress-of-psychiatry-psychiatric-interconsultation-and-palliative-care-in-geriatrics-4\/","title":{"rendered":"PSYCHIATRIC INTERCONSULTATION AND PALLIATIVE CARE IN GERIATRICS"},"content":{"rendered":"<figure class=\"wp-block-embed is-type-video is-provider-youtube wp-block-embed-youtube wp-embed-aspect-16-9 wp-has-aspect-ratio\"><div class=\"wp-block-embed__wrapper\">\n<iframe title=\"38TH BRAZILIAN CON. BRAZILIAN CONGRESS OF PSYCHIATRY - Psychiatric Interconsultation and Palliative Care in Geriatrics\" width=\"800\" height=\"450\" src=\"https:\/\/www.youtube.com\/embed\/724mvor21U0?feature=oembed\" frameborder=\"0\" allow=\"accelerometer; autoplay; clipboard-write; encrypted-media; gyroscope; picture-in-picture; web-share\" referrerpolicy=\"strict-origin-when-cross-origin\" allowfullscreen><\/iframe>\n<\/div><\/figure>","protected":false},"excerpt":{"rendered":"","protected":false},"author":4,"featured_media":0,"parent":0,"menu_order":0,"comment_status":"closed","ping_status":"closed","template":"","meta":{"_joinchat":[],"footnotes":""},"class_list":["post-40961","page","type-page","status-publish","hentry"],"yoast_head":"<!-- This site is optimized with the Yoast SEO Premium plugin v24.7 (Yoast SEO v26.4) - https:\/\/yoast.com\/wordpress\/plugins\/seo\/ -->\n<title>INTERCONSULTA PSIQUI\u00c1TRICA E PALIATIVOS NA GERIATRIA | Dr. Petrus Raulino<\/title>\n<meta name=\"description\" content=\"INTERCONSULTA PSIQUI\u00c1TRICA E PALIATIVOS NA GERIATRIA Conte com algu\u00e9m que \u00e9 refer\u00eancia em psiquiatria em Campinas. Dr. Petrus Raulino\" \/>\n<meta name=\"robots\" content=\"index, follow, max-snippet:-1, max-image-preview:large, max-video-preview:-1\" \/>\n<link rel=\"canonical\" href=\"https:\/\/petrusraulino.com.br\/en\/lecture-at-the-38th-brazilian-congress-of-psychiatry-psychiatric-interconsultation-and-palliative-care-in-geriatrics-4\/\" \/>\n<meta property=\"og:locale\" content=\"en_US\" \/>\n<meta property=\"og:type\" content=\"article\" \/>\n<meta property=\"og:title\" content=\"INTERCONSULTA PSIQUI\u00c1TRICA E PALIATIVOS NA GERIATRIA\" \/>\n<meta property=\"og:description\" content=\"INTERCONSULTA PSIQUI\u00c1TRICA E PALIATIVOS NA GERIATRIA Conte com algu\u00e9m que \u00e9 refer\u00eancia em psiquiatria em Campinas. Dr. Petrus Raulino\" \/>\n<meta property=\"og:url\" content=\"https:\/\/petrusraulino.com.br\/en\/lecture-at-the-38th-brazilian-congress-of-psychiatry-psychiatric-interconsultation-and-palliative-care-in-geriatrics-4\/\" \/>\n<meta property=\"og:site_name\" content=\"Dr. Petrus Raulino\" \/>\n<meta property=\"article:publisher\" content=\"https:\/\/www.facebook.com\/drpetrusraulinopsiquiatriaclinica\" \/>\n<meta property=\"article:modified_time\" content=\"2024-11-11T20:03:19+00:00\" \/>\n<meta property=\"og:image\" content=\"https:\/\/petrusraulino.com.br\/wp-content\/uploads\/2020\/05\/logo-light.png\" \/>\n\t<meta property=\"og:image:width\" content=\"242\" \/>\n\t<meta property=\"og:image:height\" content=\"112\" \/>\n\t<meta property=\"og:image:type\" content=\"image\/png\" \/>\n<meta name=\"twitter:card\" content=\"summary_large_image\" \/>\n<meta name=\"twitter:label1\" content=\"Est. reading time\" \/>\n\t<meta name=\"twitter:data1\" content=\"1 minute\" \/>\n<!-- \/ Yoast SEO Premium plugin. -->","yoast_head_json":{"title":"PSYCHIATRIC INTERCONSULTATION AND PALLIATIVES IN GERIATRY | Dr. Petrus Raulino","description":"PSYCHIATRIC INTERCONSULTATION AND PALLIATIVES IN GERIATRY Count on someone who is a reference in psychiatry in Campinas. Dr. Petrus Raulino","robots":{"index":"index","follow":"follow","max-snippet":"max-snippet:-1","max-image-preview":"max-image-preview:large","max-video-preview":"max-video-preview:-1"},"canonical":"https:\/\/petrusraulino.com.br\/en\/lecture-at-the-38th-brazilian-congress-of-psychiatry-psychiatric-interconsultation-and-palliative-care-in-geriatrics-4\/","og_locale":"en_US","og_type":"article","og_title":"INTERCONSULTA PSIQUI\u00c1TRICA E PALIATIVOS NA GERIATRIA","og_description":"INTERCONSULTA PSIQUI\u00c1TRICA E PALIATIVOS NA GERIATRIA Conte com algu\u00e9m que \u00e9 refer\u00eancia em psiquiatria em Campinas. Dr. Petrus Raulino","og_url":"https:\/\/petrusraulino.com.br\/en\/lecture-at-the-38th-brazilian-congress-of-psychiatry-psychiatric-interconsultation-and-palliative-care-in-geriatrics-4\/","og_site_name":"Dr. Petrus Raulino","article_publisher":"https:\/\/www.facebook.com\/drpetrusraulinopsiquiatriaclinica","article_modified_time":"2024-11-11T20:03:19+00:00","og_image":[{"width":242,"height":112,"url":"https:\/\/petrusraulino.com.br\/wp-content\/uploads\/2020\/05\/logo-light.png","type":"image\/png"}],"twitter_card":"summary_large_image","twitter_misc":{"Est. reading time":"1 minute"},"schema":{"@context":"https:\/\/schema.org","@graph":[]}},"_links":{"self":[{"href":"https:\/\/petrusraulino.com.br\/en\/wp-json\/wp\/v2\/pages\/40961","targetHints":{"allow":["GET"]}}],"collection":[{"href":"https:\/\/petrusraulino.com.br\/en\/wp-json\/wp\/v2\/pages"}],"about":[{"href":"https:\/\/petrusraulino.com.br\/en\/wp-json\/wp\/v2\/types\/page"}],"author":[{"embeddable":true,"href":"https:\/\/petrusraulino.com.br\/en\/wp-json\/wp\/v2\/users\/4"}],"replies":[{"embeddable":true,"href":"https:\/\/petrusraulino.com.br\/en\/wp-json\/wp\/v2\/comments?post=40961"}],"version-history":[{"count":1,"href":"https:\/\/petrusraulino.com.br\/en\/wp-json\/wp\/v2\/pages\/40961\/revisions"}],"predecessor-version":[{"id":44672,"href":"https:\/\/petrusraulino.com.br\/en\/wp-json\/wp\/v2\/pages\/40961\/revisions\/44672"}],"wp:attachment":[{"href":"https:\/\/petrusraulino.com.br\/en\/wp-json\/wp\/v2\/media?parent=40961"}],"curies":[{"name":"wp","href":"https:\/\/api.w.org\/{rel}","templated":true}]}}