{"id":38,"date":"2020-03-17T15:48:07","date_gmt":"2020-03-17T18:48:07","guid":{"rendered":"https:\/\/petrusraulino.com.br\/?page_id=38"},"modified":"2024-11-11T17:03:18","modified_gmt":"2024-11-11T20:03:18","slug":"expertise","status":"publish","type":"page","link":"https:\/\/petrusraulino.com.br\/en\/expertise\/","title":{"rendered":"Expertise"},"content":{"rendered":"<div data-elementor-type=\"wp-page\" data-elementor-id=\"38\" class=\"elementor elementor-38\" data-elementor-post-type=\"page\">\n\t\t\t\t<div class=\"elementor-element elementor-element-3dad7bb e-flex e-con-boxed e-con e-parent\" data-id=\"3dad7bb\" data-element_type=\"container\">\n\t\t\t\t\t<div class=\"e-con-inner\">\n\t\t\t\t<div class=\"elementor-element elementor-element-5956ba2 elementor-widget elementor-widget-heading\" data-id=\"5956ba2\" data-element_type=\"widget\" data-widget_type=\"heading.default\">\n\t\t\t\t<div class=\"elementor-widget-container\">\n\t\t\t\t\t<h1 class=\"elementor-heading-title elementor-size-default\">Expertise<\/h1>\t\t\t\t<\/div>\n\t\t\t\t<\/div>\n\t\t\t\t\t<\/div>\n\t\t\t\t<\/div>\n\t\t<div class=\"elementor-element elementor-element-b69f2fa e-grid e-con-boxed e-con e-parent\" data-id=\"b69f2fa\" data-element_type=\"container\">\n\t\t\t\t\t<div class=\"e-con-inner\">\n\t\t\t\t<div class=\"elementor-element elementor-element-db1e9fd elementor-widget elementor-widget-text-editor\" data-id=\"db1e9fd\" data-element_type=\"widget\" data-widget_type=\"text-editor.default\">\n\t\t\t\t<div class=\"elementor-widget-container\">\n\t\t\t\t\t\t\t\t\t<ul>\n<li>Psychopharmacology<\/li>\n<li>General Hospital Psychiatry<br><br><\/li>\n<\/ul>\t\t\t\t\t\t\t\t<\/div>\n\t\t\t\t<\/div>\n\t\t\t\t<div class=\"elementor-element elementor-element-2b068f2 elementor-widget elementor-widget-text-editor\" data-id=\"2b068f2\" data-element_type=\"widget\" data-widget_type=\"text-editor.default\">\n\t\t\t\t<div class=\"elementor-widget-container\">\n\t\t\t\t\t\t\t\t\t<ul>\n \t<li>Clinical Psychiatry for Adults<\/li>\n \t<li>Psychiatry at the Interface with Multiple Medical Specialties<\/li>\n<\/ul>\t\t\t\t\t\t\t\t<\/div>\n\t\t\t\t<\/div>\n\t\t\t\t<div class=\"elementor-element elementor-element-9a61110 elementor-widget elementor-widget-text-editor\" data-id=\"9a61110\" data-element_type=\"widget\" data-widget_type=\"text-editor.default\">\n\t\t\t\t<div class=\"elementor-widget-container\">\n\t\t\t\t\t\t\t\t\t<ul><li class=\"\" data-ninja-font=\"montserrat_thin_normal_tw9ud\">Geriatric Psychiatry<\/li><li class=\"\" data-ninja-font=\"montserrat_thin_normal_tw9ud\">Liaison Psychiatry \/ Psychiatric Interconsultation<\/li><\/ul>\t\t\t\t\t\t\t\t<\/div>\n\t\t\t\t<\/div>\n\t\t\t\t\t<\/div>\n\t\t\t\t<\/div>\n\t\t<div class=\"elementor-element elementor-element-2da490d e-flex e-con-boxed e-con e-parent\" data-id=\"2da490d\" data-element_type=\"container\">\n\t\t\t\t\t<div class=\"e-con-inner\">\n\t\t\t\t<div class=\"elementor-element elementor-element-cf24f30 elementor-view-default elementor-position-top elementor-mobile-position-top elementor-widget elementor-widget-icon-box\" data-id=\"cf24f30\" data-element_type=\"widget\" data-widget_type=\"icon-box.default\">\n\t\t\t\t<div class=\"elementor-widget-container\">\n\t\t\t\t\t\t\t<div class=\"elementor-icon-box-wrapper\">\n\n\t\t\t\t\t\t<div class=\"elementor-icon-box-icon\">\n\t\t\t\t<a href=\"#detalhes\" class=\"elementor-icon\" tabindex=\"-1\" aria-label=\"DISCOVER\">\n\t\t\t\t<svg aria-hidden=\"true\" class=\"e-font-icon-svg e-fas-chevron-down\" viewbox=\"0 0 448 512\" xmlns=\"http:\/\/www.w3.org\/2000\/svg\"><path d=\"M207.029 381.476L12.686 187.132c-9.373-9.373-9.373-24.569 0-33.941l22.667-22.667c9.357-9.357 24.522-9.375 33.901-.04L224 284.505l154.745-154.021c9.379-9.335 24.544-9.317 33.901.04l22.667 22.667c9.373 9.373 9.373 24.569 0 33.941L240.971 381.476c-9.373 9.372-24.569 9.372-33.942 0z\"><\/path><\/svg>\t\t\t\t<\/a>\n\t\t\t<\/div>\n\t\t\t\n\t\t\t\t\t\t<div class=\"elementor-icon-box-content\">\n\n\t\t\t\t\t\t\t\t\t<h3 class=\"elementor-icon-box-title\">\n\t\t\t\t\t\t<a href=\"#detalhes\" >\n\t\t\t\t\t\t\tDISCOVER\t\t\t\t\t\t<\/a>\n\t\t\t\t\t<\/h3>\n\t\t\t\t\n\t\t\t\t\n\t\t\t<\/div>\n\t\t\t\n\t\t<\/div>\n\t\t\t\t\t\t<\/div>\n\t\t\t\t<\/div>\n\t\t\t\t\t<\/div>\n\t\t\t\t<\/div>\n\t\t<div class=\"elementor-element elementor-element-d0ae5bd e-flex e-con-boxed e-con e-parent\" data-id=\"d0ae5bd\" data-element_type=\"container\" id=\"detalhes\" data-settings=\"{&quot;background_background&quot;:&quot;classic&quot;}\">\n\t\t\t\t\t<div class=\"e-con-inner\">\n\t\t\t\t<div class=\"elementor-element elementor-element-bbfc669 elementor-widget elementor-widget-heading\" data-id=\"bbfc669\" data-element_type=\"widget\" data-widget_type=\"heading.default\">\n\t\t\t\t<div class=\"elementor-widget-container\">\n\t\t\t\t\t<p class=\"elementor-heading-title elementor-size-default\">Psychiatry and clinical psychopharmacology applied to treatment<\/p>\t\t\t\t<\/div>\n\t\t\t\t<\/div>\n\t\t\t\t<div class=\"elementor-element elementor-element-2604c6d elementor-widget elementor-widget-text-editor\" data-id=\"2604c6d\" data-element_type=\"widget\" data-widget_type=\"text-editor.default\">\n\t\t\t\t<div class=\"elementor-widget-container\">\n\t\t\t\t\t\t\t\t\t<div class=\"container\"><div class=\"column\"><p><!-- Conte\u00fado da Coluna 1 --><\/p><ul class=\"icons\"><li>Mood disorders (depression, <a href=\"https:\/\/petrusraulino.com.br\/en\/dr-petrus-psychiatrist-specializing-in-bipolar-disorder-in-campinas\/\">bipolar disorder<\/a>, dysthymia, cyclothymia)<\/li><li><i class=\"fa fa-check2 text-accent-color\"><\/i>Anxiety and Stress Disorders (generalized anxiety disorder, panic disorder, phobia, post-traumatic stress disorder)<\/li><li><i class=\"fa fa-check2 text-accent-color\"><\/i>Somatoform Disorders (somatization disorder, hypochondriac disorder)<\/li><li><i class=\"fa fa-check2 text-accent-color\"><\/i>Adaptation Disorders (disorders related to changes or stressors such as career transitions, concrete bereavements or symbolic bereavements)<\/li><li><i class=\"fa fa-check2 text-accent-color\"><\/i>Post-traumatic stress disorder<\/li><li><i class=\"fa fa-check2 text-accent-color\"><\/i>Obsessive-compulsive disorder<\/li><li><i class=\"fa fa-check2 text-accent-color\"><\/i>Habit and Impulse Disorders<\/li><li><i class=\"fa fa-check2 text-accent-color\"><\/i>Psychotic Disorders (schizophrenia, delusional disorder, schizoaffective disorder, brief psychotic disorder, induced psychotic disorder)<\/li><\/ul><\/div><div class=\"column\"><p><!-- Conte\u00fado da Coluna 2 --><\/p><ul class=\"icons\"><li>Psychiatric disorders related to ageing<\/li><li><i class=\"fa fa-check2 text-accent-color\"><\/i>Organic Mental Disorders (cognitive disorder, dementia, confusional state, <em>delirium<\/em>)<\/li><li>Mental disorders associated with Autism Spectrum Disorder (ASD) in adults<\/li><li>Mental disorders associated with genetic syndromes in adults<\/li><li><i class=\"fa fa-check2 text-accent-color\"><\/i>Sleep disorders (insomnia, hypersomnia)<\/li><li><i class=\"fa fa-check2 text-accent-color\"><\/i>Attention Deficit Hyperactivity Disorder<\/li><li><i class=\"fa fa-check2 text-accent-color\"><\/i>Psychiatric syndromes of the puerperium (depression, anxiety, panic, psychosis)<\/li><li><i class=\"fa fa-check2 text-accent-color\"><\/i>Mental disorders concomitant with non-psychiatric clinical illnesses<\/li><li><i class=\"fa fa-check2 text-accent-color\"><\/i>Psychiatric inter-consultation (psychiatry liaison with the various medical specialties)<\/li><li><i class=\"fa fa-check2 text-accent-color\"><\/i>Mental disorders in the organizational context (Mental Health and Work)<\/li><\/ul><\/div><\/div>\t\t\t\t\t\t\t\t<\/div>\n\t\t\t\t<\/div>\n\t\t\t\t\t<\/div>\n\t\t\t\t<\/div>\n\t\t\t\t<\/div>","protected":false},"excerpt":{"rendered":"<p>Expertise Psicofarmacologia Psiquiatria em Hospital Geral Psiquiatria Cl\u00ednica para Adultos Psiquiatria em Interface com M\u00faltiplas Especialidades M\u00e9dicas Psiquiatria Geri\u00e1trica Psiquiatria de Liga\u00e7\u00e3o \/ Interconsulta Psiqui\u00e1trica DESCUBRA Psiquiatria e Psicofarmacologia cl\u00ednica aplicada ao tratamento Transtornos de Humor (depress\u00e3o, transtorno bipolar, distimia, ciclotimia) Transtornos de Ansiedade e Estresse (transtorno de ansiedade generalizada, transtorno de p\u00e2nico, fobia, transtorno [&hellip;]<\/p>","protected":false},"author":4,"featured_media":232,"parent":0,"menu_order":0,"comment_status":"closed","ping_status":"closed","template":"elementor_header_footer","meta":{"_joinchat":[],"footnotes":""},"class_list":["post-38","page","type-page","status-publish","has-post-thumbnail","hentry"],"yoast_head":"<!-- This site is optimized with the Yoast SEO Premium plugin v24.7 (Yoast SEO v26.4) - https:\/\/yoast.com\/wordpress\/plugins\/seo\/ -->\n<title>Expertise | Dr. Petrus Raulino<\/title>\n<meta name=\"description\" content=\"O Dr. Petrus Raulino possui expertise em Psiquiatria e Psicofarmacologia cl\u00ednica aplicada ao tratamento de diversos transtornos.\" \/>\n<meta name=\"robots\" content=\"index, follow, max-snippet:-1, max-image-preview:large, max-video-preview:-1\" \/>\n<link rel=\"canonical\" href=\"https:\/\/petrusraulino.com.br\/en\/expertise\/\" \/>\n<meta property=\"og:locale\" content=\"en_US\" \/>\n<meta property=\"og:type\" content=\"article\" \/>\n<meta property=\"og:title\" content=\"Expertise\" \/>\n<meta property=\"og:description\" content=\"O Dr. Petrus Raulino possui expertise em Psiquiatria e Psicofarmacologia cl\u00ednica aplicada ao tratamento de diversos transtornos.\" \/>\n<meta property=\"og:url\" content=\"https:\/\/petrusraulino.com.br\/en\/expertise\/\" \/>\n<meta property=\"og:site_name\" content=\"Dr. Petrus Raulino\" \/>\n<meta property=\"article:publisher\" content=\"https:\/\/www.facebook.com\/drpetrusraulinopsiquiatriaclinica\" \/>\n<meta property=\"article:modified_time\" content=\"2024-11-11T20:03:18+00:00\" \/>\n<meta property=\"og:image\" content=\"https:\/\/petrusraulino.com.br\/wp-content\/uploads\/2020\/04\/header-pages.jpg\" \/>\n\t<meta property=\"og:image:width\" content=\"1916\" \/>\n\t<meta property=\"og:image:height\" content=\"297\" \/>\n\t<meta property=\"og:image:type\" content=\"image\/jpeg\" \/>\n<meta name=\"twitter:card\" content=\"summary_large_image\" \/>\n<meta name=\"twitter:label1\" content=\"Est. reading time\" \/>\n\t<meta name=\"twitter:data1\" content=\"2 minutes\" \/>\n<!-- \/ Yoast SEO Premium plugin. -->","yoast_head_json":{"title":"Expertise | Dr. Petrus Raulino","description":"Dr. Petrus Raulino has expertise in psychiatry and clinical psychopharmacology applied to the treatment of various disorders.","robots":{"index":"index","follow":"follow","max-snippet":"max-snippet:-1","max-image-preview":"max-image-preview:large","max-video-preview":"max-video-preview:-1"},"canonical":"https:\/\/petrusraulino.com.br\/en\/expertise\/","og_locale":"en_US","og_type":"article","og_title":"Expertise","og_description":"O Dr. Petrus Raulino possui expertise em Psiquiatria e Psicofarmacologia cl\u00ednica aplicada ao tratamento de diversos transtornos.","og_url":"https:\/\/petrusraulino.com.br\/en\/expertise\/","og_site_name":"Dr. Petrus Raulino","article_publisher":"https:\/\/www.facebook.com\/drpetrusraulinopsiquiatriaclinica","article_modified_time":"2024-11-11T20:03:18+00:00","og_image":[{"width":1916,"height":297,"url":"https:\/\/petrusraulino.com.br\/wp-content\/uploads\/2020\/04\/header-pages.jpg","type":"image\/jpeg"}],"twitter_card":"summary_large_image","twitter_misc":{"Est. reading time":"2 minutes"},"schema":{"@context":"https:\/\/schema.org","@graph":[]}},"_links":{"self":[{"href":"https:\/\/petrusraulino.com.br\/en\/wp-json\/wp\/v2\/pages\/38","targetHints":{"allow":["GET"]}}],"collection":[{"href":"https:\/\/petrusraulino.com.br\/en\/wp-json\/wp\/v2\/pages"}],"about":[{"href":"https:\/\/petrusraulino.com.br\/en\/wp-json\/wp\/v2\/types\/page"}],"author":[{"embeddable":true,"href":"https:\/\/petrusraulino.com.br\/en\/wp-json\/wp\/v2\/users\/4"}],"replies":[{"embeddable":true,"href":"https:\/\/petrusraulino.com.br\/en\/wp-json\/wp\/v2\/comments?post=38"}],"version-history":[{"count":52,"href":"https:\/\/petrusraulino.com.br\/en\/wp-json\/wp\/v2\/pages\/38\/revisions"}],"predecessor-version":[{"id":45165,"href":"https:\/\/petrusraulino.com.br\/en\/wp-json\/wp\/v2\/pages\/38\/revisions\/45165"}],"wp:featuredmedia":[{"embeddable":true,"href":"https:\/\/petrusraulino.com.br\/en\/wp-json\/wp\/v2\/media\/232"}],"wp:attachment":[{"href":"https:\/\/petrusraulino.com.br\/en\/wp-json\/wp\/v2\/media?parent=38"}],"curies":[{"name":"wp","href":"https:\/\/api.w.org\/{rel}","templated":true}]}}